{"id":2315,"date":"2023-11-20T14:30:59","date_gmt":"2023-11-20T14:30:59","guid":{"rendered":"https:\/\/adesgroup.net\/anasayfa\/"},"modified":"2023-11-20T20:26:21","modified_gmt":"2023-11-20T20:26:21","slug":"anasayfa","status":"publish","type":"page","link":"https:\/\/adesgroup.net\/pl\/","title":{"rendered":"strona g\u0142\u00f3wna"},"content":{"rendered":"<h1>ADES to twoja rodzina w Europie!<\/h1>\n<p>Wa\u017cne jest, aby wszyscy obywatele \u015bwiata<\/p>\n<p>Cieszymy si\u0119, \u017ce mo\u017cemy by\u0107 partnerem w zakresie rozwi\u0105za\u0144<\/p>\n<p>Wynajem pracownik\u00f3w, transakcje kart\u0105 pobytu,<\/p>\n<p>System przelew\u00f3w A1, wynajem samochod\u00f3w,<\/p>\n<p>Wynajem dom\u00f3w , R\u00f3wnowa\u017cno\u015b\u0107 prawa jazdy , Ci\u0119\u017car\u00f3wka &#8211; kod95<\/p>\n<p>Uniwersytety i szko\u0142y j\u0119zykowe , \u0141\u0105czenie rodzin<\/p>\n<p>nieprzerwane i 100% wsparcie<\/p>\n<p>ma by\u0107 zapewnione.<\/p>\n<p>\t\t\t\t\t\t\t\t\t\t\t\t\t\t\t<img fetchpriority=\"high\" decoding=\"async\" width=\"724\" height=\"1024\" src=\"https:\/\/adesgroup.net\/wp-content\/uploads\/2023\/11\/Red-Line-Art-Warsaw-Poland-Poster585-1-724x1024.png\" alt=\"\" srcset=\"https:\/\/adesgroup.net\/wp-content\/uploads\/2023\/11\/Red-Line-Art-Warsaw-Poland-Poster585-1-724x1024.png 724w, https:\/\/adesgroup.net\/wp-content\/uploads\/2023\/11\/Red-Line-Art-Warsaw-Poland-Poster585-1-212x300.png 212w, https:\/\/adesgroup.net\/wp-content\/uploads\/2023\/11\/Red-Line-Art-Warsaw-Poland-Poster585-1-768x1086.png 768w, https:\/\/adesgroup.net\/wp-content\/uploads\/2023\/11\/Red-Line-Art-Warsaw-Poland-Poster585-1-1086x1536.png 1086w, https:\/\/adesgroup.net\/wp-content\/uploads\/2023\/11\/Red-Line-Art-Warsaw-Poland-Poster585-1-1448x2048.png 1448w, https:\/\/adesgroup.net\/wp-content\/uploads\/2023\/11\/Red-Line-Art-Warsaw-Poland-Poster585-1.png 1587w\" sizes=\"(max-width: 724px) 100vw, 724px\" \/><br \/>\n\t\t\t\t\t\t\t\t\t\t\t\t\t\t\t<img decoding=\"async\" width=\"683\" height=\"600\" src=\"https:\/\/adesgroup.net\/wp-content\/uploads\/2023\/11\/germany-1.png\" alt=\"\" srcset=\"https:\/\/adesgroup.net\/wp-content\/uploads\/2023\/11\/germany-1.png 683w, https:\/\/adesgroup.net\/wp-content\/uploads\/2023\/11\/germany-1-300x264.png 300w\" sizes=\"(max-width: 683px) 100vw, 683px\" \/><br \/>\n\t\t\t\t\t\t\t\t\t\t\t\t\t\t\t<img decoding=\"async\" width=\"683\" height=\"600\" src=\"https:\/\/adesgroup.net\/wp-content\/uploads\/2023\/11\/france-1.png\" alt=\"\" srcset=\"https:\/\/adesgroup.net\/wp-content\/uploads\/2023\/11\/france-1.png 683w, https:\/\/adesgroup.net\/wp-content\/uploads\/2023\/11\/france-1-300x264.png 300w\" sizes=\"(max-width: 683px) 100vw, 683px\" \/><br \/>\n\t\t\t\t\t\t\t\t\t\t\t\t\t\t\t<img loading=\"lazy\" decoding=\"async\" width=\"683\" height=\"600\" src=\"https:\/\/adesgroup.net\/wp-content\/uploads\/2023\/11\/poland-1.png\" alt=\"\" srcset=\"https:\/\/adesgroup.net\/wp-content\/uploads\/2023\/11\/poland-1.png 683w, https:\/\/adesgroup.net\/wp-content\/uploads\/2023\/11\/poland-1-300x264.png 300w\" sizes=\"(max-width: 683px) 100vw, 683px\" \/><br \/>\n\t\t\t\t\t\t\t\t\t\t\t\t\t\t\t<img loading=\"lazy\" decoding=\"async\" width=\"683\" height=\"600\" src=\"https:\/\/adesgroup.net\/wp-content\/uploads\/2023\/11\/London-1.png\" alt=\"\" srcset=\"https:\/\/adesgroup.net\/wp-content\/uploads\/2023\/11\/London-1.png 683w, https:\/\/adesgroup.net\/wp-content\/uploads\/2023\/11\/London-1-300x264.png 300w\" sizes=\"(max-width: 683px) 100vw, 683px\" \/>\t\t\t\t\t\t\t\t\t\t\t\t\t\t\t<\/p>\n<h3>Kim jeste\u015bmy?<\/h3>\n<h4><strong>O naszej firmie<\/strong><\/h4>\n<p>Witamy! Jeste\u015bmy Ades Group, rodzinn\u0105 firm\u0105, kt\u00f3rej celem jest dostarczanie klientom spersonalizowanych i innowacyjnych rozwi\u0105za\u0144. Za\u0142o\u017cona w 2020 roku przez trzech bardziej ni\u017c przyjaznych przedsi\u0119biorc\u00f3w, nasza firma wyruszy\u0142a z wizj\u0105, kt\u00f3ra ma na celu wprowadzenie zmian w cyfrowym i fizycznym \u015bwiecie.<\/p>\n<h4><strong>Nasza misja<\/strong><\/h4>\n<p>Staramy si\u0119 zrozumie\u0107 potrzeby naszych klient\u00f3w i u\u0142atwi\u0107 im \u017cycie, oferuj\u0105c im spersonalizowane rozwi\u0105zania. Wykorzystuj\u0105c si\u0142\u0119 wiedzy i edukacji, staramy si\u0119 uczyni\u0107 \u017cycie ludzi bardziej wydajnym i przyjemnym w \u015bwiecie, kt\u00f3ry rozwija si\u0119 i zmienia z dnia na dzie\u0144.<\/p>\n<h4><strong>Zesp\u00f3\u0142<\/strong><\/h4>\n<p>Zesp\u00f3\u0142 Ades sk\u0142ada si\u0119 z pasjonat\u00f3w i do\u015bwiadczonych profesjonalist\u00f3w z r\u00f3\u017cnych dziedzin. Mamy do\u015bwiadczonych prawnik\u00f3w, kt\u00f3rzy znaj\u0105 przepisy krajowe i zasady Schengen, zesp\u00f3\u0142 terenowy, firmy partnerskie Uber, wypo\u017cyczalnie samochod\u00f3w i biura handlowe, hostele, pensjonaty, oddzielne zespo\u0142y w Turcji, Niemczech i Polsce.<\/p>\n<h4><strong>Nasze warto\u015bci<\/strong><\/h4>\n<p>Przejrzysto\u015b\u0107, zadowolenie klienta, ci\u0105g\u0142a nauka i jako\u015b\u0107 to podstawowe warto\u015bci naszej firmy. Na ka\u017cdym kroku koncentrujemy si\u0119 na dostarczaniu naszym klientom tego, co najlepsze, przestrzegaj\u0105c tych warto\u015bci.<\/p>\n<h4><strong>Referencje i osi\u0105gni\u0119cia<\/strong><\/h4>\n<p>Jako grupa Ades podpisali\u015bmy wiele wa\u017cnych um\u00f3w o wsp\u00f3\u0142pracy i projekt\u00f3w w bran\u017cy. Dotarli\u015bmy do wielu zadowolonych klient\u00f3w dzi\u0119ki naszym innowacyjnym produktom i podej\u015bciu zorientowanemu na klienta. Osi\u0105gni\u0119cia te by\u0142y dla nas \u017ar\u00f3d\u0142em motywacji do ci\u0105g\u0142ego rozwoju.<\/p>\n<h3>Nasze us\u0142ugi<\/h3>\n<p>Nasze us\u0142ugi w Europie s\u0105 nast\u0119puj\u0105ce<\/p>\n<figure><a href=\"#\" tabindex=\"-1\"><img loading=\"lazy\" decoding=\"async\" width=\"638\" height=\"600\" src=\"https:\/\/adesgroup.net\/wp-content\/uploads\/2023\/11\/69-1.jpg\" alt=\"\" \/><\/a><\/figure>\n<h4><a href=\"#\">Wynajem si\u0142y roboczej<\/a><\/h4>\n<p>W przypadku natychmiastowego zapotrzebowania na si\u0142\u0119 robocz\u0105 szybko dostarczamy pracownik\u00f3w o odpowiednim profilu.<\/p>\n<figure><a href=\"#\" tabindex=\"-1\"><img loading=\"lazy\" decoding=\"async\" width=\"638\" height=\"600\" src=\"https:\/\/adesgroup.net\/wp-content\/uploads\/2023\/11\/99-1.png\" alt=\"\" \/><\/a><\/figure>\n<h4><a href=\"#\">karta pobytu<\/a><\/h4>\n<p>Je\u015bli wybierasz si\u0119 do Europy, b\u0119dziesz potrzebowa\u0107 karty pobytu, w czym mo\u017cemy Ci pom\u00f3c.<\/p>\n<figure><a href=\"#\" tabindex=\"-1\"><img loading=\"lazy\" decoding=\"async\" width=\"683\" height=\"600\" src=\"https:\/\/adesgroup.net\/wp-content\/uploads\/2023\/11\/unnamed-file-1.png\" alt=\"\" \/><\/a><\/figure>\n<h4><a href=\"#\">wynaj\u0105\u0107 samoch\u00f3d<\/a><\/h4>\n<p>Samochody do wynaj\u0119cia i samochody na sprzeda\u017c w Polsce. Co wi\u0119cej, mo\u017cesz \u00fcber!<\/p>\n<figure><a href=\"#\" tabindex=\"-1\"><img loading=\"lazy\" decoding=\"async\" width=\"638\" height=\"600\" src=\"https:\/\/adesgroup.net\/wp-content\/uploads\/2023\/11\/87-1.png\" alt=\"\" \/><\/a><\/figure>\n<h4><a href=\"#\">r\u00f3wnowa\u017cno\u015b\u0107 i konwersja prawa jazdy<\/a><\/h4>\n<p>Skontaktuj si\u0119 z nami przed wyga\u015bni\u0119ciem prawa jazdy w Polsce<\/p>\n<figure><a href=\"#\" tabindex=\"-1\"><img loading=\"lazy\" decoding=\"async\" width=\"683\" height=\"600\" src=\"https:\/\/adesgroup.net\/wp-content\/uploads\/2023\/11\/963-1.png\" alt=\"\" \/><\/a><\/figure>\n<h4><a href=\"#\">kod 95 &#8211; Kierowcy ci\u0119\u017car\u00f3wek<\/a><\/h4>\n<p>100% rozwi\u0105zanie dla mi\u0119dzynarodowych potrzeb kod95<\/p>\n<figure><a href=\"#\" tabindex=\"-1\"><img loading=\"lazy\" decoding=\"async\" width=\"675\" height=\"675\" src=\"https:\/\/adesgroup.net\/wp-content\/uploads\/2023\/11\/Blue-Minimalist-Travel-Agency-Instagram-Post-1.png\" alt=\"\" \/><\/a><\/figure>\n<h4><a href=\"#\">system transferu a1<\/a><\/h4>\n<p>Jeste\u015b w jednym z region\u00f3w Europy i chcesz wyjecha\u0107 do pracy w innym kraju.<\/p>\n<h3>Ades Group Wszystkie us\u0142ugi<\/h3>\n<p>\t\t\t\t<a href=\"https:\/\/adesvisa.com\/\" tabindex=\"-1\" target=\"_blank\" rel=\"noopener\"><br \/>\n\t\t\t\t\t\t\t\t<\/a><\/p>\n<h4>\n\t\t\t\t\t<a href=\"https:\/\/adesvisa.com\/\" target=\"_blank\" rel=\"noopener\"><br \/>\n\t\t\t\t\t\tUs\u0142ugi wizowe Ades\t\t\t\t\t<\/a><br \/>\n\t\t\t\t<\/h4>\n<p>\t\t\t\t<a href=\"https:\/\/egitim.adesvisa.com\/\" tabindex=\"-1\" target=\"_blank\" rel=\"noopener\"><br \/>\n\t\t\t\t\t\t\t\t<\/a><\/p>\n<h4>\n\t\t\t\t\t<a href=\"https:\/\/egitim.adesvisa.com\/\" target=\"_blank\" rel=\"noopener\"><br \/>\n\t\t\t\t\t\tUniwersytet Ades i szko\u0142y j\u0119zykowe\t\t\t\t\t<\/a><br \/>\n\t\t\t\t<\/h4>\n<p>\t\t\t\t<a href=\"https:\/\/adesgroup.net\/\" tabindex=\"-1\"><br \/>\n\t\t\t\t\t\t\t\t<\/a><\/p>\n<h4>\n\t\t\t\t\t<a href=\"https:\/\/adesgroup.net\/\"><br \/>\n\t\t\t\t\t\tAdes Polska Wszystkie us\u0142ugi europejskie\t\t\t\t\t<\/a><br \/>\n\t\t\t\t<\/h4>\n<h3>Profesjonalne wsparcie we wszystkich procesach<\/h3>\n<p>Mo\u017cesz skontaktowa\u0107 si\u0119 z nami w sprawie us\u0142ug, kt\u00f3re \u015bwiadczymy w ca\u0142ym procesie \u0142\u0105czenia pracodawc\u00f3w i pracownik\u00f3w, wyposa\u017conych w okre\u015blone kwalifikacje z Turcji i tysi\u0119cy naszych klient\u00f3w z menzuniyet.<\/p>\n","protected":false},"excerpt":{"rendered":"<p>ADES to twoja rodzina w Europie! Wa\u017cne jest, aby wszyscy obywatele \u015bwiata Cieszymy si\u0119, \u017ce mo\u017cemy by\u0107 partnerem w zakresie rozwi\u0105za\u0144 Wynajem pracownik\u00f3w, transakcje kart\u0105 pobytu, System przelew\u00f3w A1, wynajem samochod\u00f3w, Wynajem dom\u00f3w , R\u00f3wnowa\u017cno\u015b\u0107 prawa jazdy , Ci\u0119\u017car\u00f3wka &#8211; kod95 Uniwersytety i szko\u0142y j\u0119zykowe , \u0141\u0105czenie rodzin nieprzerwane i 100% wsparcie ma by\u0107 zapewnione. [&hellip;]<\/p>\n","protected":false},"author":1,"featured_media":0,"parent":0,"menu_order":0,"comment_status":"closed","ping_status":"closed","template":"","meta":{"footnotes":""},"class_list":["post-2315","page","type-page","status-publish","hentry"],"_links":{"self":[{"href":"https:\/\/adesgroup.net\/pl\/wp-json\/wp\/v2\/pages\/2315","targetHints":{"allow":["GET"]}}],"collection":[{"href":"https:\/\/adesgroup.net\/pl\/wp-json\/wp\/v2\/pages"}],"about":[{"href":"https:\/\/adesgroup.net\/pl\/wp-json\/wp\/v2\/types\/page"}],"author":[{"embeddable":true,"href":"https:\/\/adesgroup.net\/pl\/wp-json\/wp\/v2\/users\/1"}],"replies":[{"embeddable":true,"href":"https:\/\/adesgroup.net\/pl\/wp-json\/wp\/v2\/comments?post=2315"}],"version-history":[{"count":5,"href":"https:\/\/adesgroup.net\/pl\/wp-json\/wp\/v2\/pages\/2315\/revisions"}],"predecessor-version":[{"id":2342,"href":"https:\/\/adesgroup.net\/pl\/wp-json\/wp\/v2\/pages\/2315\/revisions\/2342"}],"wp:attachment":[{"href":"https:\/\/adesgroup.net\/pl\/wp-json\/wp\/v2\/media?parent=2315"}],"curies":[{"name":"wp","href":"https:\/\/api.w.org\/{rel}","templated":true}]}}