{"id":2402,"date":"2023-11-20T17:54:22","date_gmt":"2023-11-20T17:54:22","guid":{"rendered":"https:\/\/adesgroup.net\/arac-kirala\/"},"modified":"2023-11-20T20:35:37","modified_gmt":"2023-11-20T20:35:37","slug":"arac-kirala","status":"publish","type":"page","link":"https:\/\/adesgroup.net\/pl\/arac-kirala\/","title":{"rendered":"wynaj\u0105\u0107 samoch\u00f3d"},"content":{"rendered":"\t\t<div data-elementor-type=\"wp-page\" data-elementor-id=\"2402\" class=\"elementor elementor-2402 elementor-2399\" data-elementor-post-type=\"page\">\n\t\t\t\t<div class=\"elementor-element elementor-element-3113ce69 e-con-full e-flex e-con e-parent\" data-id=\"3113ce69\" data-element_type=\"container\" data-e-type=\"container\">\n\t\t<div class=\"elementor-element elementor-element-6cb28dbf e-con-full e-flex e-con e-child\" data-id=\"6cb28dbf\" data-element_type=\"container\" data-e-type=\"container\">\n\t\t\t\t<div class=\"elementor-element elementor-element-6b400394 elementor-widget elementor-widget-heading\" data-id=\"6b400394\" data-element_type=\"widget\" data-e-type=\"widget\" data-widget_type=\"heading.default\">\n\t\t\t\t<div class=\"elementor-widget-container\">\n\t\t\t\t\t<h1 class=\"elementor-heading-title elementor-size-default\">Szybki i \u0142atwy <br><b>wynajem samochod\u00f3w<\/b><\/h1>\t\t\t\t<\/div>\n\t\t\t\t<\/div>\n\t\t\t\t<div class=\"elementor-element elementor-element-5300e117 elementor-widget-divider--view-line elementor-widget elementor-widget-divider\" data-id=\"5300e117\" data-element_type=\"widget\" data-e-type=\"widget\" data-widget_type=\"divider.default\">\n\t\t\t\t<div class=\"elementor-widget-container\">\n\t\t\t\t\t\t\t<div class=\"elementor-divider\">\n\t\t\t<span class=\"elementor-divider-separator\">\n\t\t\t\t\t\t<\/span>\n\t\t<\/div>\n\t\t\t\t\t\t<\/div>\n\t\t\t\t<\/div>\n\t\t\t\t<div class=\"elementor-element elementor-element-78cdb24b elementor-widget elementor-widget-text-editor\" data-id=\"78cdb24b\" data-element_type=\"widget\" data-e-type=\"widget\" data-widget_type=\"text-editor.default\">\n\t\t\t\t<div class=\"elementor-widget-container\">\n\t\t\t\t\t\t\t\t\t<p>Wybierasz si\u0119 na wakacje lub planujesz podr\u00f3\u017c s\u0142u\u017cbow\u0105? Pomo\u017cemy Ci znale\u017a\u0107 najbardziej odpowiedni pojazd dla Ciebie dzi\u0119ki naszej us\u0142udze Rent a Car. Gdziekolwiek si\u0119 wybierasz, podr\u00f3\u017c z nami b\u0119dzie przyjemna i komfortowa! Mo\u017cliwe jest r\u00f3wnie\u017c skorzystanie z us\u0142ugi Uber z nasz\u0105 firm\u0105 partnersk\u0105 Uber!<\/p>\t\t\t\t\t\t\t\t<\/div>\n\t\t\t\t<\/div>\n\t\t\t\t<div class=\"elementor-element elementor-element-cb32fe8 elementor-tablet-align-center elementor-invisible elementor-widget elementor-widget-button\" data-id=\"cb32fe8\" data-element_type=\"widget\" data-e-type=\"widget\" data-settings=\"{&quot;_animation&quot;:&quot;fadeInLeft&quot;}\" data-widget_type=\"button.default\">\n\t\t\t\t<div class=\"elementor-widget-container\">\n\t\t\t\t\t\t\t\t\t<div class=\"elementor-button-wrapper\">\n\t\t\t\t\t<a class=\"elementor-button elementor-button-link elementor-size-sm elementor-animation-shrink\" href=\"https:\/\/wa.me\/+48503694948\" target=\"_blank\" rel=\"noopener\">\n\t\t\t\t\t\t<span class=\"elementor-button-content-wrapper\">\n\t\t\t\t\t\t\t\t\t<span class=\"elementor-button-text\">whatsapp <\/span>\n\t\t\t\t\t<\/span>\n\t\t\t\t\t<\/a>\n\t\t\t\t<\/div>\n\t\t\t\t\t\t\t\t<\/div>\n\t\t\t\t<\/div>\n\t\t<div class=\"elementor-element elementor-element-555e0ff6 e-flex e-con-boxed e-con e-child\" data-id=\"555e0ff6\" data-element_type=\"container\" data-e-type=\"container\">\n\t\t\t\t\t<div class=\"e-con-inner\">\n\t\t\t\t\t<\/div>\n\t\t\t\t<\/div>\n\t\t\t\t<\/div>\n\t\t<div class=\"elementor-element elementor-element-4bc387c7 e-con-full e-flex e-con e-child\" data-id=\"4bc387c7\" data-element_type=\"container\" data-e-type=\"container\" data-settings=\"{&quot;background_background&quot;:&quot;classic&quot;,&quot;background_motion_fx_motion_fx_scrolling&quot;:&quot;yes&quot;,&quot;background_motion_fx_scale_effect&quot;:&quot;yes&quot;,&quot;background_motion_fx_scale_range&quot;:{&quot;unit&quot;:&quot;%&quot;,&quot;size&quot;:&quot;&quot;,&quot;sizes&quot;:{&quot;start&quot;:50,&quot;end&quot;:100}},&quot;background_motion_fx_scale_direction&quot;:&quot;out-in&quot;,&quot;background_motion_fx_scale_speed&quot;:{&quot;unit&quot;:&quot;px&quot;,&quot;size&quot;:4,&quot;sizes&quot;:[]},&quot;background_motion_fx_devices&quot;:[&quot;desktop&quot;,&quot;tablet&quot;,&quot;mobile&quot;]}\">\n\t\t\t\t<\/div>\n\t\t\t\t<\/div>\n\t\t<div class=\"elementor-element elementor-element-687de178 e-con-full e-flex e-con e-parent\" data-id=\"687de178\" data-element_type=\"container\" data-e-type=\"container\" data-settings=\"{&quot;background_background&quot;:&quot;gradient&quot;}\">\n\t\t<div class=\"elementor-element elementor-element-46478da0 e-con-full e-flex e-con e-child\" data-id=\"46478da0\" data-element_type=\"container\" data-e-type=\"container\">\n\t\t\t\t<div class=\"elementor-element elementor-element-6181c9d3 elementor-widget-tablet__width-inherit elementor-cta--skin-classic elementor-animated-content elementor-bg-transform elementor-bg-transform-zoom-in elementor-widget elementor-widget-call-to-action\" data-id=\"6181c9d3\" data-element_type=\"widget\" data-e-type=\"widget\" data-widget_type=\"call-to-action.default\">\n\t\t\t\t<div class=\"elementor-widget-container\">\n\t\t\t\t\t\t\t<div class=\"elementor-cta\">\n\t\t\t\t\t<div class=\"elementor-cta__bg-wrapper\">\n\t\t\t\t<div class=\"elementor-cta__bg elementor-bg\" style=\"background-image: url(https:\/\/adesgroup.net\/wp-content\/uploads\/2023\/11\/carke-1.png);\" role=\"img\" aria-label=\"carke.png\"><\/div>\n\t\t\t\t<div class=\"elementor-cta__bg-overlay\"><\/div>\n\t\t\t<\/div>\n\t\t\t\t\t\t\t\t<\/div>\n\t\t\t\t\t\t<\/div>\n\t\t\t\t<\/div>\n\t\t\t\t<div class=\"elementor-element elementor-element-3a40a0c8 elementor-widget__width-initial elementor-absolute elementor-widget elementor-widget-spacer\" data-id=\"3a40a0c8\" data-element_type=\"widget\" data-e-type=\"widget\" data-settings=\"{&quot;_position&quot;:&quot;absolute&quot;}\" data-widget_type=\"spacer.default\">\n\t\t\t\t<div class=\"elementor-widget-container\">\n\t\t\t\t\t\t\t<div class=\"elementor-spacer\">\n\t\t\t<div class=\"elementor-spacer-inner\"><\/div>\n\t\t<\/div>\n\t\t\t\t\t\t<\/div>\n\t\t\t\t<\/div>\n\t\t\t\t<\/div>\n\t\t<div class=\"elementor-element elementor-element-c23eebc e-con-full e-flex e-con e-child\" data-id=\"c23eebc\" data-element_type=\"container\" data-e-type=\"container\">\n\t\t\t\t<div class=\"elementor-element elementor-element-215a0dfe elementor-widget-divider--view-line elementor-widget elementor-widget-divider\" data-id=\"215a0dfe\" data-element_type=\"widget\" data-e-type=\"widget\" data-widget_type=\"divider.default\">\n\t\t\t\t<div class=\"elementor-widget-container\">\n\t\t\t\t\t\t\t<div class=\"elementor-divider\">\n\t\t\t<span class=\"elementor-divider-separator\">\n\t\t\t\t\t\t<\/span>\n\t\t<\/div>\n\t\t\t\t\t\t<\/div>\n\t\t\t\t<\/div>\n\t\t\t\t<div class=\"elementor-element elementor-element-3154df91 elementor-widget elementor-widget-heading\" data-id=\"3154df91\" data-element_type=\"widget\" data-e-type=\"widget\" data-widget_type=\"heading.default\">\n\t\t\t\t<div class=\"elementor-widget-container\">\n\t\t\t\t\t<h2 class=\"elementor-heading-title elementor-size-default\"><b>szeroki zakres<\/b><br>pojazd\u00f3w<\/h2>\t\t\t\t<\/div>\n\t\t\t\t<\/div>\n\t\t\t\t<div class=\"elementor-element elementor-element-3512bd52 elementor-widget elementor-widget-text-editor\" data-id=\"3512bd52\" data-element_type=\"widget\" data-e-type=\"widget\" data-widget_type=\"text-editor.default\">\n\t\t\t\t<div class=\"elementor-widget-container\">\n\t\t\t\t\t\t\t\t\t<p>Oferujemy szerok\u0105 gam\u0119 pojazd\u00f3w odpowiednich do Twoich potrzeb. Od ma\u0142ych i ekonomicznych pojazd\u00f3w po luksusowe i wygodne samochody, mamy opcje dostosowane do r\u00f3\u017cnych potrzeb. Posiadamy pojazdy odpowiednie do wszelkiego rodzaju potrzeb, od podr\u00f3\u017cy rodzinnych po podr\u00f3\u017ce s\u0142u\u017cbowe.<\/p>\t\t\t\t\t\t\t\t<\/div>\n\t\t\t\t<\/div>\n\t\t<div class=\"elementor-element elementor-element-1cdd611f e-con-full e-flex e-con e-child\" data-id=\"1cdd611f\" data-element_type=\"container\" data-e-type=\"container\">\n\t\t\t\t<div class=\"elementor-element elementor-element-9b161be elementor-widget__width-initial elementor-widget-mobile__width-inherit elementor-icon-list--layout-traditional elementor-list-item-link-full_width elementor-invisible elementor-widget elementor-widget-icon-list\" data-id=\"9b161be\" data-element_type=\"widget\" data-e-type=\"widget\" data-settings=\"{&quot;_animation&quot;:&quot;fadeIn&quot;}\" data-widget_type=\"icon-list.default\">\n\t\t\t\t<div class=\"elementor-widget-container\">\n\t\t\t\t\t\t\t<ul class=\"elementor-icon-list-items\">\n\t\t\t\t\t\t\t<li class=\"elementor-icon-list-item\">\n\t\t\t\t\t\t\t\t\t\t\t<span class=\"elementor-icon-list-icon\">\n\t\t\t\t\t\t\t<svg xmlns=\"http:\/\/www.w3.org\/2000\/svg\" id=\"fa0b17c7-412d-4376-bb37-94dca2d30d12\" data-name=\"Layer 1\" width=\"32\" height=\"32\" viewBox=\"0 0 32 32\"><circle cx=\"16\" cy=\"16\" r=\"16\" style=\"isolation:isolate\"><\/circle><path d=\"M10.877,16.4545,15.21,21,23.877,11\" transform=\"translate(-0.877)\" style=\"fill:none;stroke:#0d3276\"><\/path><\/svg>\t\t\t\t\t\t<\/span>\n\t\t\t\t\t\t\t\t\t\t<span class=\"elementor-icon-list-text\">nieprzerwana us\u0142uga<\/span>\n\t\t\t\t\t\t\t\t\t<\/li>\n\t\t\t\t\t\t\t\t<li class=\"elementor-icon-list-item\">\n\t\t\t\t\t\t\t\t\t\t\t<span class=\"elementor-icon-list-icon\">\n\t\t\t\t\t\t\t<svg xmlns=\"http:\/\/www.w3.org\/2000\/svg\" id=\"fa0b17c7-412d-4376-bb37-94dca2d30d12\" data-name=\"Layer 1\" width=\"32\" height=\"32\" viewBox=\"0 0 32 32\"><circle cx=\"16\" cy=\"16\" r=\"16\" style=\"isolation:isolate\"><\/circle><path d=\"M10.877,16.4545,15.21,21,23.877,11\" transform=\"translate(-0.877)\" style=\"fill:none;stroke:#0d3276\"><\/path><\/svg>\t\t\t\t\t\t<\/span>\n\t\t\t\t\t\t\t\t\t\t<span class=\"elementor-icon-list-text\">ubezpieczenie + ubezpieczenie komunikacyjne<\/span>\n\t\t\t\t\t\t\t\t\t<\/li>\n\t\t\t\t\t\t\t\t<li class=\"elementor-icon-list-item\">\n\t\t\t\t\t\t\t\t\t\t\t<span class=\"elementor-icon-list-icon\">\n\t\t\t\t\t\t\t<svg xmlns=\"http:\/\/www.w3.org\/2000\/svg\" id=\"fa0b17c7-412d-4376-bb37-94dca2d30d12\" data-name=\"Layer 1\" width=\"32\" height=\"32\" viewBox=\"0 0 32 32\"><circle cx=\"16\" cy=\"16\" r=\"16\" style=\"isolation:isolate\"><\/circle><path d=\"M10.877,16.4545,15.21,21,23.877,11\" transform=\"translate(-0.877)\" style=\"fill:none;stroke:#0d3276\"><\/path><\/svg>\t\t\t\t\t\t<\/span>\n\t\t\t\t\t\t\t\t\t\t<span class=\"elementor-icon-list-text\">korzystne ceny<\/span>\n\t\t\t\t\t\t\t\t\t<\/li>\n\t\t\t\t\t\t<\/ul>\n\t\t\t\t\t\t<\/div>\n\t\t\t\t<\/div>\n\t\t\t\t<div class=\"elementor-element elementor-element-483ffd53 elementor-widget__width-initial elementor-widget-mobile__width-inherit elementor-icon-list--layout-traditional elementor-list-item-link-full_width elementor-invisible elementor-widget elementor-widget-icon-list\" data-id=\"483ffd53\" data-element_type=\"widget\" data-e-type=\"widget\" data-settings=\"{&quot;_animation&quot;:&quot;fadeIn&quot;}\" data-widget_type=\"icon-list.default\">\n\t\t\t\t<div class=\"elementor-widget-container\">\n\t\t\t\t\t\t\t<ul class=\"elementor-icon-list-items\">\n\t\t\t\t\t\t\t<li class=\"elementor-icon-list-item\">\n\t\t\t\t\t\t\t\t\t\t\t<span class=\"elementor-icon-list-icon\">\n\t\t\t\t\t\t\t<svg xmlns=\"http:\/\/www.w3.org\/2000\/svg\" id=\"fa0b17c7-412d-4376-bb37-94dca2d30d12\" data-name=\"Layer 1\" width=\"32\" height=\"32\" viewBox=\"0 0 32 32\"><circle cx=\"16\" cy=\"16\" r=\"16\" style=\"isolation:isolate\"><\/circle><path d=\"M10.877,16.4545,15.21,21,23.877,11\" transform=\"translate(-0.877)\" style=\"fill:none;stroke:#0d3276\"><\/path><\/svg>\t\t\t\t\t\t<\/span>\n\t\t\t\t\t\t\t\t\t\t<span class=\"elementor-icon-list-text\">pomoc drogowa<\/span>\n\t\t\t\t\t\t\t\t\t<\/li>\n\t\t\t\t\t\t\t\t<li class=\"elementor-icon-list-item\">\n\t\t\t\t\t\t\t\t\t\t\t<span class=\"elementor-icon-list-icon\">\n\t\t\t\t\t\t\t<svg xmlns=\"http:\/\/www.w3.org\/2000\/svg\" id=\"fa0b17c7-412d-4376-bb37-94dca2d30d12\" data-name=\"Layer 1\" width=\"32\" height=\"32\" viewBox=\"0 0 32 32\"><circle cx=\"16\" cy=\"16\" r=\"16\" style=\"isolation:isolate\"><\/circle><path d=\"M10.877,16.4545,15.21,21,23.877,11\" transform=\"translate(-0.877)\" style=\"fill:none;stroke:#0d3276\"><\/path><\/svg>\t\t\t\t\t\t<\/span>\n\t\t\t\t\t\t\t\t\t\t<span class=\"elementor-icon-list-text\">mo\u017cliwo\u015b\u0107 zrobienia uber<\/span>\n\t\t\t\t\t\t\t\t\t<\/li>\n\t\t\t\t\t\t\t\t<li class=\"elementor-icon-list-item\">\n\t\t\t\t\t\t\t\t\t\t\t<span class=\"elementor-icon-list-icon\">\n\t\t\t\t\t\t\t<svg xmlns=\"http:\/\/www.w3.org\/2000\/svg\" id=\"fa0b17c7-412d-4376-bb37-94dca2d30d12\" data-name=\"Layer 1\" width=\"32\" height=\"32\" viewBox=\"0 0 32 32\"><circle cx=\"16\" cy=\"16\" r=\"16\" style=\"isolation:isolate\"><\/circle><path d=\"M10.877,16.4545,15.21,21,23.877,11\" transform=\"translate(-0.877)\" style=\"fill:none;stroke:#0d3276\"><\/path><\/svg>\t\t\t\t\t\t<\/span>\n\t\t\t\t\t\t\t\t\t\t<span class=\"elementor-icon-list-text\"> mo\u017cliwo\u015b\u0107 pracy w naszej firmie uber partnerskiej<\/span>\n\t\t\t\t\t\t\t\t\t<\/li>\n\t\t\t\t\t\t<\/ul>\n\t\t\t\t\t\t<\/div>\n\t\t\t\t<\/div>\n\t\t\t\t<\/div>\n\t\t\t\t<\/div>\n\t\t\t\t<\/div>\n\t\t<div class=\"elementor-element elementor-element-1500109 e-flex e-con-boxed e-con e-parent\" data-id=\"1500109\" data-element_type=\"container\" data-e-type=\"container\">\n\t\t\t\t\t<div class=\"e-con-inner\">\n\t\t\t\t<div class=\"elementor-element elementor-element-1bd11a47 elementor-widget elementor-widget-heading\" data-id=\"1bd11a47\" data-element_type=\"widget\" data-e-type=\"widget\" data-widget_type=\"heading.default\">\n\t\t\t\t<div class=\"elementor-widget-container\">\n\t\t\t\t\t<h2 class=\"elementor-heading-title elementor-size-default\">W jaki spos\u00f3b \u015bwiadczysz us\u0142ugi?<\/h2>\t\t\t\t<\/div>\n\t\t\t\t<\/div>\n\t\t\t\t\t<\/div>\n\t\t\t\t<\/div>\n\t\t<div class=\"elementor-element elementor-element-2fa43515 e-con-full e-flex e-con e-parent\" data-id=\"2fa43515\" data-element_type=\"container\" data-e-type=\"container\">\n\t\t<div class=\"elementor-element elementor-element-7337251e e-con-full e-flex e-con e-child\" data-id=\"7337251e\" data-element_type=\"container\" data-e-type=\"container\">\n\t\t<div class=\"elementor-element elementor-element-2c5a1ca1 e-con-full e-flex e-con e-child\" data-id=\"2c5a1ca1\" data-element_type=\"container\" data-e-type=\"container\">\n\t\t\t\t<div class=\"elementor-element elementor-element-15f181a3 elementor-widget__width-auto elementor-widget elementor-widget-heading\" data-id=\"15f181a3\" data-element_type=\"widget\" data-e-type=\"widget\" data-widget_type=\"heading.default\">\n\t\t\t\t<div class=\"elementor-widget-container\">\n\t\t\t\t\t<span class=\"elementor-heading-title elementor-size-default\">1<\/span>\t\t\t\t<\/div>\n\t\t\t\t<\/div>\n\t\t\t\t<div class=\"elementor-element elementor-element-4cea4e04 elementor-widget elementor-widget-image-box\" data-id=\"4cea4e04\" data-element_type=\"widget\" data-e-type=\"widget\" data-widget_type=\"image-box.default\">\n\t\t\t\t<div class=\"elementor-widget-container\">\n\t\t\t\t\t<div class=\"elementor-image-box-wrapper\"><div class=\"elementor-image-box-content\"><h4 class=\"elementor-image-box-title\">\u0141atwy i bezpieczny system rezerwacji<\/h4><p class=\"elementor-image-box-description\">Mo\u017cesz skorzysta\u0107 z \u0142atwego systemu rezerwacji na naszej stronie internetowej, aby znale\u017a\u0107 odpowiedni samoch\u00f3d dla siebie. Wykonuj\u0105c proste kroki, mo\u017cesz szybko wynaj\u0105\u0107 samoch\u00f3d w wybranym terminie i lokalizacji. Mo\u017cesz r\u00f3wnie\u017c doko\u0144czy\u0107 rezerwacj\u0119, korzystaj\u0105c z bezpiecznych opcji p\u0142atno\u015bci.<\/p><\/div><\/div>\t\t\t\t<\/div>\n\t\t\t\t<\/div>\n\t\t<div class=\"elementor-element elementor-element-67892800 e-con-full e-flex e-con e-child\" data-id=\"67892800\" data-element_type=\"container\" data-e-type=\"container\">\n\t\t\t\t<\/div>\n\t\t\t\t<\/div>\n\t\t<div class=\"elementor-element elementor-element-febcbaa e-con-full e-flex e-con e-child\" data-id=\"febcbaa\" data-element_type=\"container\" data-e-type=\"container\">\n\t\t\t\t<div class=\"elementor-element elementor-element-3a78541e elementor-widget__width-auto elementor-widget elementor-widget-heading\" data-id=\"3a78541e\" data-element_type=\"widget\" data-e-type=\"widget\" data-widget_type=\"heading.default\">\n\t\t\t\t<div class=\"elementor-widget-container\">\n\t\t\t\t\t<span class=\"elementor-heading-title elementor-size-default\">2<\/span>\t\t\t\t<\/div>\n\t\t\t\t<\/div>\n\t\t\t\t<div class=\"elementor-element elementor-element-5fc54263 elementor-widget elementor-widget-image-box\" data-id=\"5fc54263\" data-element_type=\"widget\" data-e-type=\"widget\" data-widget_type=\"image-box.default\">\n\t\t\t\t<div class=\"elementor-widget-container\">\n\t\t\t\t\t<div class=\"elementor-image-box-wrapper\"><div class=\"elementor-image-box-content\"><h4 class=\"elementor-image-box-title\">Us\u0142uga zorientowana na satysfakcj\u0119 klienta<\/h4><p class=\"elementor-image-box-description\">Zadowolenie klienta jest dla nas najwa\u017cniejsze. Nasz profesjonalny i pomocny zesp\u00f3\u0142 jest tutaj, aby zapewni\u0107 najlepsz\u0105 obs\u0142ug\u0119. Mo\u017cesz skontaktowa\u0107 si\u0119 z naszym dzia\u0142em obs\u0142ugi klienta 24\/7, aby uzyska\u0107 pomoc i wsparcie podczas podr\u00f3\u017cy.<\/p><\/div><\/div>\t\t\t\t<\/div>\n\t\t\t\t<\/div>\n\t\t\t\t<\/div>\n\t\t\t\t<\/div>\n\t\t<div class=\"elementor-element elementor-element-3db3460f e-con-full e-flex e-con e-child\" data-id=\"3db3460f\" data-element_type=\"container\" data-e-type=\"container\" data-settings=\"{&quot;background_background&quot;:&quot;classic&quot;,&quot;motion_fx_motion_fx_mouse&quot;:&quot;yes&quot;,&quot;motion_fx_tilt_effect&quot;:&quot;yes&quot;,&quot;motion_fx_tilt_speed&quot;:{&quot;unit&quot;:&quot;px&quot;,&quot;size&quot;:1,&quot;sizes&quot;:[]}}\">\n\t\t\t\t<\/div>\n\t\t<div class=\"elementor-element elementor-element-52d5d337 e-con-full e-flex e-con e-child\" data-id=\"52d5d337\" data-element_type=\"container\" data-e-type=\"container\">\n\t\t<div class=\"elementor-element elementor-element-5d19e674 e-con-full e-flex e-con e-child\" data-id=\"5d19e674\" data-element_type=\"container\" data-e-type=\"container\">\n\t\t\t\t<div class=\"elementor-element elementor-element-61fba27f elementor-widget__width-auto elementor-widget elementor-widget-heading\" data-id=\"61fba27f\" data-element_type=\"widget\" data-e-type=\"widget\" data-widget_type=\"heading.default\">\n\t\t\t\t<div class=\"elementor-widget-container\">\n\t\t\t\t\t<span class=\"elementor-heading-title elementor-size-default\">3<\/span>\t\t\t\t<\/div>\n\t\t\t\t<\/div>\n\t\t\t\t<div class=\"elementor-element elementor-element-6e0c5fec elementor-widget elementor-widget-image-box\" data-id=\"6e0c5fec\" data-element_type=\"widget\" data-e-type=\"widget\" data-widget_type=\"image-box.default\">\n\t\t\t\t<div class=\"elementor-widget-container\">\n\t\t\t\t\t<div class=\"elementor-image-box-wrapper\"><div class=\"elementor-image-box-content\"><h4 class=\"elementor-image-box-title\">Przyst\u0119pne ceny i elastyczno\u015b\u0107<\/h4><p class=\"elementor-image-box-description\">Oferujemy rozwi\u0105zania odpowiednie dla Twojego bud\u017cetu dzi\u0119ki przyst\u0119pnym cenom i elastycznym opcjom wynajmu. Oferujemy najlepsze ceny dla Twoich potrzeb, oferuj\u0105c elastyczno\u015b\u0107 od wynajmu d\u0142ugoterminowego po opcje wynajmu dziennego.<\/p><\/div><\/div>\t\t\t\t<\/div>\n\t\t\t\t<\/div>\n\t\t\t\t<\/div>\n\t\t<div class=\"elementor-element elementor-element-49441cc1 e-con-full e-flex e-con e-child\" data-id=\"49441cc1\" data-element_type=\"container\" data-e-type=\"container\">\n\t\t\t\t<div class=\"elementor-element elementor-element-f592fc8 elementor-widget__width-auto elementor-widget elementor-widget-heading\" data-id=\"f592fc8\" data-element_type=\"widget\" data-e-type=\"widget\" data-widget_type=\"heading.default\">\n\t\t\t\t<div class=\"elementor-widget-container\">\n\t\t\t\t\t<span class=\"elementor-heading-title elementor-size-default\">4<\/span>\t\t\t\t<\/div>\n\t\t\t\t<\/div>\n\t\t\t\t<div class=\"elementor-element elementor-element-1e03d65f elementor-widget elementor-widget-image-box\" data-id=\"1e03d65f\" data-element_type=\"widget\" data-e-type=\"widget\" data-widget_type=\"image-box.default\">\n\t\t\t\t<div class=\"elementor-widget-container\">\n\t\t\t\t\t<div class=\"elementor-image-box-wrapper\"><div class=\"elementor-image-box-content\"><h4 class=\"elementor-image-box-title\">Dlaczego my?<\/h4><p class=\"elementor-image-box-description\">Niezawodno\u015b\u0107 ,\nKomfort i jako\u015b\u0107,\nOrientacja na klienta<\/p><\/div><\/div>\t\t\t\t<\/div>\n\t\t\t\t<\/div>\n\t\t\t\t<\/div>\n\t\t\t\t<\/div>\n\t\t\t\t<\/div>\n\t\t\t\t<\/div>\n\t\t","protected":false},"excerpt":{"rendered":"<p>Szybki i \u0142atwy wynajem samochod\u00f3w Wybierasz si\u0119 na wakacje lub planujesz podr\u00f3\u017c s\u0142u\u017cbow\u0105? Pomo\u017cemy Ci znale\u017a\u0107 najbardziej odpowiedni pojazd dla Ciebie dzi\u0119ki naszej us\u0142udze Rent a Car. Gdziekolwiek si\u0119 wybierasz, podr\u00f3\u017c z nami b\u0119dzie przyjemna i komfortowa! Mo\u017cliwe jest r\u00f3wnie\u017c skorzystanie z us\u0142ugi Uber z nasz\u0105 firm\u0105 partnersk\u0105 Uber! whatsapp szeroki zakrespojazd\u00f3w Oferujemy szerok\u0105 gam\u0119 [&hellip;]<\/p>\n","protected":false},"author":1,"featured_media":0,"parent":0,"menu_order":0,"comment_status":"closed","ping_status":"closed","template":"","meta":{"footnotes":""},"class_list":["post-2402","page","type-page","status-publish","hentry"],"_links":{"self":[{"href":"https:\/\/adesgroup.net\/pl\/wp-json\/wp\/v2\/pages\/2402","targetHints":{"allow":["GET"]}}],"collection":[{"href":"https:\/\/adesgroup.net\/pl\/wp-json\/wp\/v2\/pages"}],"about":[{"href":"https:\/\/adesgroup.net\/pl\/wp-json\/wp\/v2\/types\/page"}],"author":[{"embeddable":true,"href":"https:\/\/adesgroup.net\/pl\/wp-json\/wp\/v2\/users\/1"}],"replies":[{"embeddable":true,"href":"https:\/\/adesgroup.net\/pl\/wp-json\/wp\/v2\/comments?post=2402"}],"version-history":[{"count":7,"href":"https:\/\/adesgroup.net\/pl\/wp-json\/wp\/v2\/pages\/2402\/revisions"}],"predecessor-version":[{"id":2451,"href":"https:\/\/adesgroup.net\/pl\/wp-json\/wp\/v2\/pages\/2402\/revisions\/2451"}],"wp:attachment":[{"href":"https:\/\/adesgroup.net\/pl\/wp-json\/wp\/v2\/media?parent=2402"}],"curies":[{"name":"wp","href":"https:\/\/api.w.org\/{rel}","templated":true}]}}