{"id":1665,"date":"2023-11-18T18:36:56","date_gmt":"2023-11-18T18:36:56","guid":{"rendered":"https:\/\/adesgroup.net\/?page_id=1665"},"modified":"2026-04-28T10:54:45","modified_gmt":"2026-04-28T10:54:45","slug":"a1-transfer","status":"publish","type":"page","link":"https:\/\/adesgroup.net\/tr\/a1-transfer\/","title":{"rendered":"A1 Transfer"},"content":{"rendered":"\t\t<div data-elementor-type=\"wp-page\" data-elementor-id=\"1665\" class=\"elementor elementor-1665\" data-elementor-post-type=\"page\">\n\t\t\t\t<div class=\"elementor-element elementor-element-6de766ce e-con-full e-flex e-con e-parent\" data-id=\"6de766ce\" data-element_type=\"container\" data-e-type=\"container\">\n\t\t<div class=\"elementor-element elementor-element-4e236fde e-con-full e-flex e-con e-child\" data-id=\"4e236fde\" data-element_type=\"container\" data-e-type=\"container\">\n\t\t\t\t<div class=\"elementor-element elementor-element-6dbd0bc8 elementor-widget-divider--view-line elementor-widget elementor-widget-divider\" data-id=\"6dbd0bc8\" data-element_type=\"widget\" data-e-type=\"widget\" data-widget_type=\"divider.default\">\n\t\t\t\t<div class=\"elementor-widget-container\">\n\t\t\t\t\t\t\t<div class=\"elementor-divider\">\n\t\t\t<span class=\"elementor-divider-separator\">\n\t\t\t\t\t\t<\/span>\n\t\t<\/div>\n\t\t\t\t\t\t<\/div>\n\t\t\t\t<\/div>\n\t\t\t\t<div class=\"elementor-element elementor-element-31e0aea7 elementor-widget elementor-widget-heading\" data-id=\"31e0aea7\" data-element_type=\"widget\" data-e-type=\"widget\" data-widget_type=\"heading.default\">\n\t\t\t\t<div class=\"elementor-widget-container\">\n\t\t\t\t\t<h1 class=\"elementor-heading-title elementor-size-default\">avrupa da, <br><b>\u00c7al\u0131\u015fman\u0131n<\/b><br>en kolay<br>yolu,<\/h1>\t\t\t\t<\/div>\n\t\t\t\t<\/div>\n\t\t\t\t<div class=\"elementor-element elementor-element-40f3e1f1 elementor-widget elementor-widget-text-editor\" data-id=\"40f3e1f1\" data-element_type=\"widget\" data-e-type=\"widget\" data-widget_type=\"text-editor.default\">\n\t\t\t\t<div class=\"elementor-widget-container\">\n\t\t\t\t\t\t\t\t\t<p>\u00c7al\u0131\u015fma izniniz veya oturum kart\u0131n\u0131z bir \u00fclkede , sizin buldu\u011funuz i\u015f ba\u015fka bir \u00fclkede&#8230;<\/p><p>Durum bu ise A1 belgelendirme sistemi tam size g\u00f6re.<\/p><p>\u0130stedi\u011finiz \u00fclkede \u00e7al\u0131\u015fma f\u0131rsat\u0131n\u0131 bu sistem ile yakalayabilirsiniz.<\/p>\t\t\t\t\t\t\t\t<\/div>\n\t\t\t\t<\/div>\n\t\t\t\t<div class=\"elementor-element elementor-element-40a78248 elementor-tablet-align-center elementor-invisible elementor-widget elementor-widget-button\" data-id=\"40a78248\" data-element_type=\"widget\" data-e-type=\"widget\" data-settings=\"{&quot;_animation&quot;:&quot;fadeInLeft&quot;}\" data-widget_type=\"button.default\">\n\t\t\t\t<div class=\"elementor-widget-container\">\n\t\t\t\t\t\t\t\t\t<div class=\"elementor-button-wrapper\">\n\t\t\t\t\t<a class=\"elementor-button elementor-button-link elementor-size-sm elementor-animation-shrink\" href=\"https:\/\/wa.me\/+48511433791\" target=\"_blank\" rel=\"noopener\">\n\t\t\t\t\t\t<span class=\"elementor-button-content-wrapper\">\n\t\t\t\t\t\t\t\t\t<span class=\"elementor-button-text\">whatsapp ile bilgi al<\/span>\n\t\t\t\t\t<\/span>\n\t\t\t\t\t<\/a>\n\t\t\t\t<\/div>\n\t\t\t\t\t\t\t\t<\/div>\n\t\t\t\t<\/div>\n\t\t\t\t<\/div>\n\t\t<div class=\"elementor-element elementor-element-4d51696b e-con-full e-flex e-con e-child\" data-id=\"4d51696b\" data-element_type=\"container\" data-e-type=\"container\" data-settings=\"{&quot;background_background&quot;:&quot;classic&quot;,&quot;background_motion_fx_motion_fx_scrolling&quot;:&quot;yes&quot;,&quot;background_motion_fx_scale_effect&quot;:&quot;yes&quot;,&quot;background_motion_fx_scale_range&quot;:{&quot;unit&quot;:&quot;%&quot;,&quot;size&quot;:&quot;&quot;,&quot;sizes&quot;:{&quot;start&quot;:50,&quot;end&quot;:100}},&quot;background_motion_fx_scale_direction&quot;:&quot;out-in&quot;,&quot;background_motion_fx_scale_speed&quot;:{&quot;unit&quot;:&quot;px&quot;,&quot;size&quot;:4,&quot;sizes&quot;:[]},&quot;background_motion_fx_devices&quot;:[&quot;desktop&quot;,&quot;tablet&quot;,&quot;mobile&quot;]}\">\n\t\t\t\t<\/div>\n\t\t\t\t<\/div>\n\t\t<div class=\"elementor-element elementor-element-4f5ad920 e-con-full e-flex e-con e-parent\" data-id=\"4f5ad920\" data-element_type=\"container\" data-e-type=\"container\" data-settings=\"{&quot;background_background&quot;:&quot;gradient&quot;}\">\n\t\t<div class=\"elementor-element elementor-element-7356b5c3 e-con-full e-flex e-con e-child\" data-id=\"7356b5c3\" data-element_type=\"container\" data-e-type=\"container\">\n\t\t\t\t<div class=\"elementor-element elementor-element-48aadcb7 elementor-widget__width-initial elementor-absolute elementor-widget elementor-widget-spacer\" data-id=\"48aadcb7\" data-element_type=\"widget\" data-e-type=\"widget\" data-settings=\"{&quot;_position&quot;:&quot;absolute&quot;}\" data-widget_type=\"spacer.default\">\n\t\t\t\t<div class=\"elementor-widget-container\">\n\t\t\t\t\t\t\t<div class=\"elementor-spacer\">\n\t\t\t<div class=\"elementor-spacer-inner\"><\/div>\n\t\t<\/div>\n\t\t\t\t\t\t<\/div>\n\t\t\t\t<\/div>\n\t\t\t\t<\/div>\n\t\t\t\t<\/div>\n\t\t<div class=\"elementor-element elementor-element-3154b1bb e-flex e-con-boxed e-con e-parent\" data-id=\"3154b1bb\" data-element_type=\"container\" data-e-type=\"container\">\n\t\t\t\t\t<div class=\"e-con-inner\">\n\t\t\t\t<div class=\"elementor-element elementor-element-38837bdf elementor-widget elementor-widget-heading\" data-id=\"38837bdf\" data-element_type=\"widget\" data-e-type=\"widget\" data-widget_type=\"heading.default\">\n\t\t\t\t<div class=\"elementor-widget-container\">\n\t\t\t\t\t<h2 class=\"elementor-heading-title elementor-size-default\">a1 transfer sistemi nas\u0131l \u00e7al\u0131\u015f\u0131r ?<\/h2>\t\t\t\t<\/div>\n\t\t\t\t<\/div>\n\t\t\t\t\t<\/div>\n\t\t\t\t<\/div>\n\t\t<div class=\"elementor-element elementor-element-d20cc90 e-con-full e-flex e-con e-parent\" data-id=\"d20cc90\" data-element_type=\"container\" data-e-type=\"container\">\n\t\t<div class=\"elementor-element elementor-element-4fe4b82a e-con-full e-flex e-con e-child\" data-id=\"4fe4b82a\" data-element_type=\"container\" data-e-type=\"container\">\n\t\t<div class=\"elementor-element elementor-element-5ff6c293 e-con-full e-flex e-con e-child\" data-id=\"5ff6c293\" data-element_type=\"container\" data-e-type=\"container\">\n\t\t\t\t<div class=\"elementor-element elementor-element-39d45509 elementor-widget__width-auto elementor-widget elementor-widget-heading\" data-id=\"39d45509\" data-element_type=\"widget\" data-e-type=\"widget\" data-widget_type=\"heading.default\">\n\t\t\t\t<div class=\"elementor-widget-container\">\n\t\t\t\t\t<span class=\"elementor-heading-title elementor-size-default\">1<\/span>\t\t\t\t<\/div>\n\t\t\t\t<\/div>\n\t\t\t\t<div class=\"elementor-element elementor-element-ea9a117 elementor-widget elementor-widget-image-box\" data-id=\"ea9a117\" data-element_type=\"widget\" data-e-type=\"widget\" data-widget_type=\"image-box.default\">\n\t\t\t\t<div class=\"elementor-widget-container\">\n\t\t\t\t\t<div class=\"elementor-image-box-wrapper\"><div class=\"elementor-image-box-content\"><h4 class=\"elementor-image-box-title\">polonya veya litvanya da iseniz<\/h4><p class=\"elementor-image-box-description\">\u015euan sadece polonya ve litvanya oturum kart\u0131 olanlara veya \u00e7al\u0131\u015fma izni olanlara hizmet veriyoruz.<\/p><\/div><\/div>\t\t\t\t<\/div>\n\t\t\t\t<\/div>\n\t\t<div class=\"elementor-element elementor-element-39a7b976 e-con-full e-flex e-con e-child\" data-id=\"39a7b976\" data-element_type=\"container\" data-e-type=\"container\">\n\t\t\t\t<\/div>\n\t\t\t\t<\/div>\n\t\t<div class=\"elementor-element elementor-element-ef46bde e-con-full e-flex e-con e-child\" data-id=\"ef46bde\" data-element_type=\"container\" data-e-type=\"container\">\n\t\t\t\t<div class=\"elementor-element elementor-element-48d0d34a elementor-widget__width-auto elementor-widget elementor-widget-heading\" data-id=\"48d0d34a\" data-element_type=\"widget\" data-e-type=\"widget\" data-widget_type=\"heading.default\">\n\t\t\t\t<div class=\"elementor-widget-container\">\n\t\t\t\t\t<span class=\"elementor-heading-title elementor-size-default\">2<\/span>\t\t\t\t<\/div>\n\t\t\t\t<\/div>\n\t\t\t\t<div class=\"elementor-element elementor-element-5b3f2c15 elementor-widget elementor-widget-image-box\" data-id=\"5b3f2c15\" data-element_type=\"widget\" data-e-type=\"widget\" data-widget_type=\"image-box.default\">\n\t\t\t\t<div class=\"elementor-widget-container\">\n\t\t\t\t\t<div class=\"elementor-image-box-wrapper\"><div class=\"elementor-image-box-content\"><h4 class=\"elementor-image-box-title\">\u015firketimizde i\u015fe girin<\/h4><p class=\"elementor-image-box-description\">Firmam\u0131z \u00fczerinde i\u015fe al\u0131n\u0131rs\u0131n\u0131z ve sigortan\u0131z ba\u015flat\u0131l\u0131r<\/p><\/div><\/div>\t\t\t\t<\/div>\n\t\t\t\t<\/div>\n\t\t\t\t<\/div>\n\t\t\t\t<\/div>\n\t\t<div class=\"elementor-element elementor-element-3421756f e-con-full e-flex e-con e-child\" data-id=\"3421756f\" data-element_type=\"container\" data-e-type=\"container\" data-settings=\"{&quot;background_background&quot;:&quot;classic&quot;,&quot;motion_fx_motion_fx_mouse&quot;:&quot;yes&quot;,&quot;motion_fx_tilt_effect&quot;:&quot;yes&quot;,&quot;motion_fx_tilt_speed&quot;:{&quot;unit&quot;:&quot;px&quot;,&quot;size&quot;:1,&quot;sizes&quot;:[]}}\">\n\t\t\t\t<\/div>\n\t\t<div class=\"elementor-element elementor-element-221a9106 e-con-full e-flex e-con e-child\" data-id=\"221a9106\" data-element_type=\"container\" data-e-type=\"container\">\n\t\t<div class=\"elementor-element elementor-element-745a399a e-con-full e-flex e-con e-child\" data-id=\"745a399a\" data-element_type=\"container\" data-e-type=\"container\">\n\t\t\t\t<div class=\"elementor-element elementor-element-65a5a795 elementor-widget__width-auto elementor-widget elementor-widget-heading\" data-id=\"65a5a795\" data-element_type=\"widget\" data-e-type=\"widget\" data-widget_type=\"heading.default\">\n\t\t\t\t<div class=\"elementor-widget-container\">\n\t\t\t\t\t<span class=\"elementor-heading-title elementor-size-default\">3<\/span>\t\t\t\t<\/div>\n\t\t\t\t<\/div>\n\t\t\t\t<div class=\"elementor-element elementor-element-58f34523 elementor-widget elementor-widget-image-box\" data-id=\"58f34523\" data-element_type=\"widget\" data-e-type=\"widget\" data-widget_type=\"image-box.default\">\n\t\t\t\t<div class=\"elementor-widget-container\">\n\t\t\t\t\t<div class=\"elementor-image-box-wrapper\"><div class=\"elementor-image-box-content\"><h4 class=\"elementor-image-box-title\">Buldu\u011funuz veya ayarlad\u0131\u011f\u0131m\u0131z i\u015fyeri ile s\u00f6zle\u015fme<\/h4><p class=\"elementor-image-box-description\">Buldu\u011funuz i\u015fyeri ile sizi i\u015fe ald\u0131\u011f\u0131m\u0131z firma aras\u0131nda i\u015f\u00e7i transfer s\u00f6zle\u015fmesi yapar\u0131z. Sizin ve oturum kart\u0131n\u0131z\u0131n gelece\u011finiz g\u00fcvence alt\u0131na al\u0131r\u0131z.<\/p><\/div><\/div>\t\t\t\t<\/div>\n\t\t\t\t<\/div>\n\t\t\t\t<\/div>\n\t\t<div class=\"elementor-element elementor-element-13f3510b e-con-full e-flex e-con e-child\" data-id=\"13f3510b\" data-element_type=\"container\" data-e-type=\"container\">\n\t\t\t\t<div class=\"elementor-element elementor-element-152af71a elementor-widget__width-auto elementor-widget elementor-widget-heading\" data-id=\"152af71a\" data-element_type=\"widget\" data-e-type=\"widget\" data-widget_type=\"heading.default\">\n\t\t\t\t<div class=\"elementor-widget-container\">\n\t\t\t\t\t<span class=\"elementor-heading-title elementor-size-default\">4<\/span>\t\t\t\t<\/div>\n\t\t\t\t<\/div>\n\t\t\t\t<div class=\"elementor-element elementor-element-244f0039 elementor-widget elementor-widget-image-box\" data-id=\"244f0039\" data-element_type=\"widget\" data-e-type=\"widget\" data-widget_type=\"image-box.default\">\n\t\t\t\t<div class=\"elementor-widget-container\">\n\t\t\t\t\t<div class=\"elementor-image-box-wrapper\"><div class=\"elementor-image-box-content\"><h4 class=\"elementor-image-box-title\">hemen i\u015fe ba\u015flay\u0131n!<\/h4><p class=\"elementor-image-box-description\">S\u00f6zle\u015fme imzaland\u0131ktan hemen sonra dil belgeniz haz\u0131rlan\u0131r ve teslim edilir.<\/p><\/div><\/div>\t\t\t\t<\/div>\n\t\t\t\t<\/div>\n\t\t\t\t<\/div>\n\t\t\t\t<\/div>\n\t\t\t\t<\/div>\n\t\t<div class=\"elementor-element elementor-element-8adc69f e-con-full e-flex e-con e-parent\" data-id=\"8adc69f\" data-element_type=\"container\" data-e-type=\"container\">\n\t\t<div class=\"elementor-element elementor-element-9fcb810 e-con-full e-flex e-con e-child\" data-id=\"9fcb810\" data-element_type=\"container\" data-e-type=\"container\">\n\t\t\t\t<div class=\"elementor-element elementor-element-4213934e elementor-widget elementor-widget-heading\" data-id=\"4213934e\" data-element_type=\"widget\" data-e-type=\"widget\" data-widget_type=\"heading.default\">\n\t\t\t\t<div class=\"elementor-widget-container\">\n\t\t\t\t\t<h2 class=\"elementor-heading-title elementor-size-default\">T\u00fcm sorular\u0131n\u0131z\u0131n<br>cevaplar\u0131 burada !\n<\/h2>\t\t\t\t<\/div>\n\t\t\t\t<\/div>\n\t\t\t\t<div class=\"elementor-element elementor-element-6dff16b2 elementor-widget-divider--view-line elementor-widget elementor-widget-divider\" data-id=\"6dff16b2\" data-element_type=\"widget\" data-e-type=\"widget\" data-widget_type=\"divider.default\">\n\t\t\t\t<div class=\"elementor-widget-container\">\n\t\t\t\t\t\t\t<div class=\"elementor-divider\">\n\t\t\t<span class=\"elementor-divider-separator\">\n\t\t\t\t\t\t<\/span>\n\t\t<\/div>\n\t\t\t\t\t\t<\/div>\n\t\t\t\t<\/div>\n\t\t\t\t<div class=\"elementor-element elementor-element-6e3850df elementor-widget__width-inherit elementor-widget elementor-widget-text-editor\" data-id=\"6e3850df\" data-element_type=\"widget\" data-e-type=\"widget\" data-widget_type=\"text-editor.default\">\n\t\t\t\t<div class=\"elementor-widget-container\">\n\t\t\t\t\t\t\t\t\t<p>Lorem ipsum dolor sit amet, consectetur adipiscing elit. Sed auctor turpis eu arcu sagittis, id sagittis justo suscipit.<\/p>\t\t\t\t\t\t\t\t<\/div>\n\t\t\t\t<\/div>\n\t\t\t\t<\/div>\n\t\t<div class=\"elementor-element elementor-element-100c04cd e-con-full e-flex e-con e-child\" data-id=\"100c04cd\" data-element_type=\"container\" data-e-type=\"container\">\n\t\t\t\t<div class=\"elementor-element elementor-element-692227b elementor-widget__width-inherit elementor-widget elementor-widget-toggle\" data-id=\"692227b\" data-element_type=\"widget\" data-e-type=\"widget\" data-widget_type=\"toggle.default\">\n\t\t\t\t<div class=\"elementor-widget-container\">\n\t\t\t\t\t\t\t<div class=\"elementor-toggle\">\n\t\t\t\t\t\t\t<div class=\"elementor-toggle-item\">\n\t\t\t\t\t<h6 id=\"elementor-tab-title-1101\" class=\"elementor-tab-title\" data-tab=\"1\" role=\"button\" aria-controls=\"elementor-tab-content-1101\" aria-expanded=\"false\">\n\t\t\t\t\t\t\t\t\t\t\t\t<span class=\"elementor-toggle-icon elementor-toggle-icon-right\" aria-hidden=\"true\">\n\t\t\t\t\t\t\t\t\t\t\t\t\t\t\t<span class=\"elementor-toggle-icon-closed\"><svg xmlns=\"http:\/\/www.w3.org\/2000\/svg\" id=\"bfdde3cf-e88c-4bbd-b388-4a5f99496140\" data-name=\"Layer 1\" width=\"18.707\" height=\"10.0645\" viewBox=\"0 0 18.707 10.0645\"><polygon points=\"17.992 0.008 9.546 8.65 0.699 0 0 0.715 9.562 10.064 18.707 0.707 17.992 0.008\"><\/polygon><\/svg><\/span>\n\t\t\t\t\t\t\t\t<span class=\"elementor-toggle-icon-opened\"><svg xmlns=\"http:\/\/www.w3.org\/2000\/svg\" id=\"a2fff8ba-a73e-477d-80d0-a10e90dbb221\" data-name=\"Layer 1\" width=\"18.707\" height=\"10.0645\" viewBox=\"0 0 18.707 10.0645\"><polygon points=\"9.146 0 0 9.357 0.715 10.057 9.161 1.414 18.008 10.064 18.707 9.35 9.146 0\"><\/polygon><\/svg><\/span>\n\t\t\t\t\t\t\t\t\t\t\t\t\t<\/span>\n\t\t\t\t\t\t\t\t\t\t\t\t<a class=\"elementor-toggle-title\" tabindex=\"0\">Bir oturum kart\u0131m var ama buldu\u011fum i\u015f ba\u015fka bir avrupa \u00fclkesinde ne yapabilirim?<\/a>\n\t\t\t\t\t<\/h6>\n\n\t\t\t\t\t<div id=\"elementor-tab-content-1101\" class=\"elementor-tab-content elementor-clearfix\" data-tab=\"1\" role=\"region\" aria-labelledby=\"elementor-tab-title-1101\"><p>Oturum kart\u0131n\u0131z hangi \u00fclkede ise sadece o \u00fclkede sigortal\u0131 \u00e7al\u0131\u015fma hakk\u0131 al\u0131rs\u0131n\u0131z. Ba\u015fka bir avrupa \u00fclkesinde \u00e7al\u0131\u015fman\u0131z\u0131n tek yolu, bulundu\u011funuz \u00fclkeden ba\u015fka bir \u00fclkeye kiral\u0131k i\u015f\u00e7i olarak gitmenizdir.<\/p><\/div>\n\t\t\t\t<\/div>\n\t\t\t\t\t\t\t\t<\/div>\n\t\t\t\t\t\t<\/div>\n\t\t\t\t<\/div>\n\t\t\t\t<div class=\"elementor-element elementor-element-2004cc67 elementor-widget__width-inherit elementor-widget elementor-widget-toggle\" data-id=\"2004cc67\" data-element_type=\"widget\" data-e-type=\"widget\" data-widget_type=\"toggle.default\">\n\t\t\t\t<div class=\"elementor-widget-container\">\n\t\t\t\t\t\t\t<div class=\"elementor-toggle\">\n\t\t\t\t\t\t\t<div class=\"elementor-toggle-item\">\n\t\t\t\t\t<h6 id=\"elementor-tab-title-5371\" class=\"elementor-tab-title\" data-tab=\"1\" role=\"button\" aria-controls=\"elementor-tab-content-5371\" aria-expanded=\"false\">\n\t\t\t\t\t\t\t\t\t\t\t\t<span class=\"elementor-toggle-icon elementor-toggle-icon-right\" aria-hidden=\"true\">\n\t\t\t\t\t\t\t\t\t\t\t\t\t\t\t<span class=\"elementor-toggle-icon-closed\"><svg xmlns=\"http:\/\/www.w3.org\/2000\/svg\" id=\"bfdde3cf-e88c-4bbd-b388-4a5f99496140\" data-name=\"Layer 1\" width=\"18.707\" height=\"10.0645\" viewBox=\"0 0 18.707 10.0645\"><polygon points=\"17.992 0.008 9.546 8.65 0.699 0 0 0.715 9.562 10.064 18.707 0.707 17.992 0.008\"><\/polygon><\/svg><\/span>\n\t\t\t\t\t\t\t\t<span class=\"elementor-toggle-icon-opened\"><svg xmlns=\"http:\/\/www.w3.org\/2000\/svg\" id=\"a2fff8ba-a73e-477d-80d0-a10e90dbb221\" data-name=\"Layer 1\" width=\"18.707\" height=\"10.0645\" viewBox=\"0 0 18.707 10.0645\"><polygon points=\"9.146 0 0 9.357 0.715 10.057 9.161 1.414 18.008 10.064 18.707 9.35 9.146 0\"><\/polygon><\/svg><\/span>\n\t\t\t\t\t\t\t\t\t\t\t\t\t<\/span>\n\t\t\t\t\t\t\t\t\t\t\t\t<a class=\"elementor-toggle-title\" tabindex=\"0\">\u0130\u015flemler ne kadar s\u00fcrer ? <\/a>\n\t\t\t\t\t<\/h6>\n\n\t\t\t\t\t<div id=\"elementor-tab-content-5371\" class=\"elementor-tab-content elementor-clearfix\" data-tab=\"1\" role=\"region\" aria-labelledby=\"elementor-tab-title-5371\"><p>Avrupaya geli\u015finizden itibaren 1 hafta ge\u00e7meli. Ard\u0131ndan a1 sistemine ba\u015fvurabilirsiniz. Yakla\u015f\u0131k evraklar\u0131n\u0131z\u0131n haz\u0131rlanmas\u0131 2-3 hafta kadar s\u00fcrecektir.<\/p><\/div>\n\t\t\t\t<\/div>\n\t\t\t\t\t\t\t\t<\/div>\n\t\t\t\t\t\t<\/div>\n\t\t\t\t<\/div>\n\t\t\t\t<div class=\"elementor-element elementor-element-21ee1690 elementor-widget__width-inherit elementor-widget elementor-widget-toggle\" data-id=\"21ee1690\" data-element_type=\"widget\" data-e-type=\"widget\" data-widget_type=\"toggle.default\">\n\t\t\t\t<div class=\"elementor-widget-container\">\n\t\t\t\t\t\t\t<div class=\"elementor-toggle\">\n\t\t\t\t\t\t\t<div class=\"elementor-toggle-item\">\n\t\t\t\t\t<h6 id=\"elementor-tab-title-5691\" class=\"elementor-tab-title\" data-tab=\"1\" role=\"button\" aria-controls=\"elementor-tab-content-5691\" aria-expanded=\"false\">\n\t\t\t\t\t\t\t\t\t\t\t\t<span class=\"elementor-toggle-icon elementor-toggle-icon-right\" aria-hidden=\"true\">\n\t\t\t\t\t\t\t\t\t\t\t\t\t\t\t<span class=\"elementor-toggle-icon-closed\"><svg xmlns=\"http:\/\/www.w3.org\/2000\/svg\" id=\"bfdde3cf-e88c-4bbd-b388-4a5f99496140\" data-name=\"Layer 1\" width=\"18.707\" height=\"10.0645\" viewBox=\"0 0 18.707 10.0645\"><polygon points=\"17.992 0.008 9.546 8.65 0.699 0 0 0.715 9.562 10.064 18.707 0.707 17.992 0.008\"><\/polygon><\/svg><\/span>\n\t\t\t\t\t\t\t\t<span class=\"elementor-toggle-icon-opened\"><svg xmlns=\"http:\/\/www.w3.org\/2000\/svg\" id=\"a2fff8ba-a73e-477d-80d0-a10e90dbb221\" data-name=\"Layer 1\" width=\"18.707\" height=\"10.0645\" viewBox=\"0 0 18.707 10.0645\"><polygon points=\"9.146 0 0 9.357 0.715 10.057 9.161 1.414 18.008 10.064 18.707 9.35 9.146 0\"><\/polygon><\/svg><\/span>\n\t\t\t\t\t\t\t\t\t\t\t\t\t<\/span>\n\t\t\t\t\t\t\t\t\t\t\t\t<a class=\"elementor-toggle-title\" tabindex=\"0\">Hedef \u00fclkede a1 ile ne kadar kalmam gerekli?<\/a>\n\t\t\t\t\t<\/h6>\n\n\t\t\t\t\t<div id=\"elementor-tab-content-5691\" class=\"elementor-tab-content elementor-clearfix\" data-tab=\"1\" role=\"region\" aria-labelledby=\"elementor-tab-title-5691\"><p>A1 sistemi ile kar\u015f\u0131 \u00fclkede yakla\u015f\u0131k 3 y\u0131l tamamlaman\u0131z gereklidir.<\/p><\/div>\n\t\t\t\t<\/div>\n\t\t\t\t\t\t\t\t<\/div>\n\t\t\t\t\t\t<\/div>\n\t\t\t\t<\/div>\n\t\t\t\t<div class=\"elementor-element elementor-element-721338a7 elementor-widget__width-inherit elementor-widget elementor-widget-toggle\" data-id=\"721338a7\" data-element_type=\"widget\" data-e-type=\"widget\" data-widget_type=\"toggle.default\">\n\t\t\t\t<div class=\"elementor-widget-container\">\n\t\t\t\t\t\t\t<div class=\"elementor-toggle\">\n\t\t\t\t\t\t\t<div class=\"elementor-toggle-item\">\n\t\t\t\t\t<h6 id=\"elementor-tab-title-1911\" class=\"elementor-tab-title\" data-tab=\"1\" role=\"button\" aria-controls=\"elementor-tab-content-1911\" aria-expanded=\"false\">\n\t\t\t\t\t\t\t\t\t\t\t\t<span class=\"elementor-toggle-icon elementor-toggle-icon-right\" aria-hidden=\"true\">\n\t\t\t\t\t\t\t\t\t\t\t\t\t\t\t<span class=\"elementor-toggle-icon-closed\"><svg xmlns=\"http:\/\/www.w3.org\/2000\/svg\" id=\"bfdde3cf-e88c-4bbd-b388-4a5f99496140\" data-name=\"Layer 1\" width=\"18.707\" height=\"10.0645\" viewBox=\"0 0 18.707 10.0645\"><polygon points=\"17.992 0.008 9.546 8.65 0.699 0 0 0.715 9.562 10.064 18.707 0.707 17.992 0.008\"><\/polygon><\/svg><\/span>\n\t\t\t\t\t\t\t\t<span class=\"elementor-toggle-icon-opened\"><svg xmlns=\"http:\/\/www.w3.org\/2000\/svg\" id=\"a2fff8ba-a73e-477d-80d0-a10e90dbb221\" data-name=\"Layer 1\" width=\"18.707\" height=\"10.0645\" viewBox=\"0 0 18.707 10.0645\"><polygon points=\"9.146 0 0 9.357 0.715 10.057 9.161 1.414 18.008 10.064 18.707 9.35 9.146 0\"><\/polygon><\/svg><\/span>\n\t\t\t\t\t\t\t\t\t\t\t\t\t<\/span>\n\t\t\t\t\t\t\t\t\t\t\t\t<a class=\"elementor-toggle-title\" tabindex=\"0\">hedef \u00fclkenin oturum kart\u0131n\u0131 nas\u0131l alaca\u011f\u0131m?<\/a>\n\t\t\t\t\t<\/h6>\n\n\t\t\t\t\t<div id=\"elementor-tab-content-1911\" class=\"elementor-tab-content elementor-clearfix\" data-tab=\"1\" role=\"region\" aria-labelledby=\"elementor-tab-title-1911\"><p>Hedef \u00fclkede kiral\u0131k i\u015f\u00e7i olarak yakla\u015f\u0131k 3 y\u0131l tamamlad\u0131ktan sonra o \u00fclkenin oturum kart\u0131n\u0131 almaya hak kazanacaks\u0131n\u0131z.<\/p><\/div>\n\t\t\t\t<\/div>\n\t\t\t\t\t\t\t\t<\/div>\n\t\t\t\t\t\t<\/div>\n\t\t\t\t<\/div>\n\t\t\t\t<\/div>\n\t\t\t\t<\/div>\n\t\t<div class=\"elementor-element elementor-element-5e4eafcc e-con-full e-flex e-con e-parent\" data-id=\"5e4eafcc\" data-element_type=\"container\" data-e-type=\"container\" data-settings=\"{&quot;background_background&quot;:&quot;gradient&quot;}\">\n\t\t\t\t<div class=\"elementor-element elementor-element-715a4d42 elementor-widget-divider--view-line elementor-widget elementor-widget-divider\" data-id=\"715a4d42\" data-element_type=\"widget\" data-e-type=\"widget\" data-widget_type=\"divider.default\">\n\t\t\t\t<div class=\"elementor-widget-container\">\n\t\t\t\t\t\t\t<div class=\"elementor-divider\">\n\t\t\t<span class=\"elementor-divider-separator\">\n\t\t\t\t\t\t<\/span>\n\t\t<\/div>\n\t\t\t\t\t\t<\/div>\n\t\t\t\t<\/div>\n\t\t\t\t<div class=\"elementor-element elementor-element-3a438d29 elementor-widget elementor-widget-heading\" data-id=\"3a438d29\" data-element_type=\"widget\" data-e-type=\"widget\" data-widget_type=\"heading.default\">\n\t\t\t\t<div class=\"elementor-widget-container\">\n\t\t\t\t\t<h2 class=\"elementor-heading-title elementor-size-default\"><b>a1 belgelendirilmesi i\u00e7in biz haz\u0131r\u0131z<\/b> <br>ya siz ?<\/h2>\t\t\t\t<\/div>\n\t\t\t\t<\/div>\n\t\t\t\t<div class=\"elementor-element elementor-element-4eae0cc1 elementor-align-center elementor-widget elementor-widget-button\" data-id=\"4eae0cc1\" data-element_type=\"widget\" data-e-type=\"widget\" data-widget_type=\"button.default\">\n\t\t\t\t<div class=\"elementor-widget-container\">\n\t\t\t\t\t\t\t\t\t<div class=\"elementor-button-wrapper\">\n\t\t\t\t\t<a class=\"elementor-button elementor-button-link elementor-size-sm elementor-animation-shrink\" href=\"https:\/\/wa.me\/+48511433791\" target=\"_blank\" rel=\"noopener\">\n\t\t\t\t\t\t<span class=\"elementor-button-content-wrapper\">\n\t\t\t\t\t\t\t\t\t<span class=\"elementor-button-text\">whatsapp tan g\u00f6r\u00fc\u015fme ba\u015flat<\/span>\n\t\t\t\t\t<\/span>\n\t\t\t\t\t<\/a>\n\t\t\t\t<\/div>\n\t\t\t\t\t\t\t\t<\/div>\n\t\t\t\t<\/div>\n\t\t<div class=\"elementor-element elementor-element-e9ce502 e-flex e-con-boxed e-con e-child\" data-id=\"e9ce502\" data-element_type=\"container\" data-e-type=\"container\">\n\t\t\t\t\t<div class=\"e-con-inner\">\n\t\t\t\t\t<\/div>\n\t\t\t\t<\/div>\n\t\t\t\t<\/div>\n\t\t\t\t<\/div>\n\t\t","protected":false},"excerpt":{"rendered":"<p>avrupa da, \u00c7al\u0131\u015fman\u0131nen kolayyolu, \u00c7al\u0131\u015fma izniniz veya oturum kart\u0131n\u0131z bir \u00fclkede , sizin buldu\u011funuz i\u015f ba\u015fka bir \u00fclkede&#8230; Durum bu ise A1 belgelendirme sistemi tam size g\u00f6re. \u0130stedi\u011finiz \u00fclkede \u00e7al\u0131\u015fma f\u0131rsat\u0131n\u0131 bu sistem ile yakalayabilirsiniz. whatsapp ile bilgi al a1 transfer sistemi nas\u0131l \u00e7al\u0131\u015f\u0131r ? 1 polonya veya litvanya da iseniz \u015euan sadece polonya ve [&hellip;]<\/p>\n","protected":false},"author":1,"featured_media":0,"parent":0,"menu_order":0,"comment_status":"closed","ping_status":"closed","template":"","meta":{"footnotes":""},"class_list":["post-1665","page","type-page","status-publish","hentry"],"_links":{"self":[{"href":"https:\/\/adesgroup.net\/tr\/wp-json\/wp\/v2\/pages\/1665","targetHints":{"allow":["GET"]}}],"collection":[{"href":"https:\/\/adesgroup.net\/tr\/wp-json\/wp\/v2\/pages"}],"about":[{"href":"https:\/\/adesgroup.net\/tr\/wp-json\/wp\/v2\/types\/page"}],"author":[{"embeddable":true,"href":"https:\/\/adesgroup.net\/tr\/wp-json\/wp\/v2\/users\/1"}],"replies":[{"embeddable":true,"href":"https:\/\/adesgroup.net\/tr\/wp-json\/wp\/v2\/comments?post=1665"}],"version-history":[{"count":10,"href":"https:\/\/adesgroup.net\/tr\/wp-json\/wp\/v2\/pages\/1665\/revisions"}],"predecessor-version":[{"id":3576,"href":"https:\/\/adesgroup.net\/tr\/wp-json\/wp\/v2\/pages\/1665\/revisions\/3576"}],"wp:attachment":[{"href":"https:\/\/adesgroup.net\/tr\/wp-json\/wp\/v2\/media?parent=1665"}],"curies":[{"name":"wp","href":"https:\/\/api.w.org\/{rel}","templated":true}]}}