{"id":2404,"date":"2023-11-20T17:54:22","date_gmt":"2023-11-20T17:54:22","guid":{"rendered":"https:\/\/adesgroup.net\/arac-kirala\/"},"modified":"2023-11-20T20:36:20","modified_gmt":"2023-11-20T20:36:20","slug":"arac-kirala","status":"publish","type":"page","link":"https:\/\/adesgroup.net\/uk\/arac-kirala\/","title":{"rendered":"\u0432\u0437\u044f\u0442\u0438 \u043d\u0430\u043f\u0440\u043e\u043a\u0430\u0442 \u0430\u0432\u0442\u043e\u043c\u043e\u0431\u0456\u043b\u044c"},"content":{"rendered":"\t\t<div data-elementor-type=\"wp-page\" data-elementor-id=\"2404\" class=\"elementor elementor-2404 elementor-2399\" data-elementor-post-type=\"page\">\n\t\t\t\t<div class=\"elementor-element elementor-element-3113ce69 e-con-full e-flex e-con e-parent\" data-id=\"3113ce69\" data-element_type=\"container\" data-e-type=\"container\">\n\t\t<div class=\"elementor-element elementor-element-6cb28dbf e-con-full e-flex e-con e-child\" data-id=\"6cb28dbf\" data-element_type=\"container\" data-e-type=\"container\">\n\t\t\t\t<div class=\"elementor-element elementor-element-6b400394 elementor-widget elementor-widget-heading\" data-id=\"6b400394\" data-element_type=\"widget\" data-e-type=\"widget\" data-widget_type=\"heading.default\">\n\t\t\t\t<div class=\"elementor-widget-container\">\n\t\t\t\t\t<h1 class=\"elementor-heading-title elementor-size-default\">h\u0131zl\u0131 ve kolay, <br><b>ara\u00e7 kirala<\/b><\/h1>\t\t\t\t<\/div>\n\t\t\t\t<\/div>\n\t\t\t\t<div class=\"elementor-element elementor-element-5300e117 elementor-widget-divider--view-line elementor-widget elementor-widget-divider\" data-id=\"5300e117\" data-element_type=\"widget\" data-e-type=\"widget\" data-widget_type=\"divider.default\">\n\t\t\t\t<div class=\"elementor-widget-container\">\n\t\t\t\t\t\t\t<div class=\"elementor-divider\">\n\t\t\t<span class=\"elementor-divider-separator\">\n\t\t\t\t\t\t<\/span>\n\t\t<\/div>\n\t\t\t\t\t\t<\/div>\n\t\t\t\t<\/div>\n\t\t\t\t<div class=\"elementor-element elementor-element-78cdb24b elementor-widget elementor-widget-text-editor\" data-id=\"78cdb24b\" data-element_type=\"widget\" data-e-type=\"widget\" data-widget_type=\"text-editor.default\">\n\t\t\t\t<div class=\"elementor-widget-container\">\n\t\t\t\t\t\t\t\t\t<p><span style=\"color: #0f0f0f; font-family: S\u00f6hne, ui-sans-serif, system-ui, -apple-system, 'Segoe UI', Roboto, Ubuntu, Cantarell, 'Noto Sans', sans-serif, 'Helvetica Neue', Arial, 'Apple Color Emoji', 'Segoe UI Emoji', 'Segoe UI Symbol', 'Noto Color Emoji'; font-size: 16px; white-space-collapse: preserve;\">Tatile mi \u00e7\u0131k\u0131yorsunuz ya da i\u015f seyahati mi planl\u0131yorsunuz? Rent a Car hizmetimizle size en uygun arac\u0131 bulman\u0131za yard\u0131mc\u0131 oluyoruz. Siz nereye giderseniz gidin, bizimle yolculu\u011funuz keyifli ve konforlu olacak! Uber Partner \u015firketimizle birlikte uber de yapman\u0131z m\u00fcmk\u00fcn !<\/span><\/p>\t\t\t\t\t\t\t\t<\/div>\n\t\t\t\t<\/div>\n\t\t\t\t<div class=\"elementor-element elementor-element-cb32fe8 elementor-tablet-align-center elementor-invisible elementor-widget elementor-widget-button\" data-id=\"cb32fe8\" data-element_type=\"widget\" data-e-type=\"widget\" data-settings=\"{&quot;_animation&quot;:&quot;fadeInLeft&quot;}\" data-widget_type=\"button.default\">\n\t\t\t\t<div class=\"elementor-widget-container\">\n\t\t\t\t\t\t\t\t\t<div class=\"elementor-button-wrapper\">\n\t\t\t\t\t<a class=\"elementor-button elementor-button-link elementor-size-sm elementor-animation-shrink\" href=\"https:\/\/wa.me\/+48503694948\" target=\"_blank\" rel=\"noopener\">\n\t\t\t\t\t\t<span class=\"elementor-button-content-wrapper\">\n\t\t\t\t\t\t\t\t\t<span class=\"elementor-button-text\">whatsapp hatt\u0131<\/span>\n\t\t\t\t\t<\/span>\n\t\t\t\t\t<\/a>\n\t\t\t\t<\/div>\n\t\t\t\t\t\t\t\t<\/div>\n\t\t\t\t<\/div>\n\t\t<div class=\"elementor-element elementor-element-555e0ff6 e-flex e-con-boxed e-con e-child\" data-id=\"555e0ff6\" data-element_type=\"container\" data-e-type=\"container\">\n\t\t\t\t\t<div class=\"e-con-inner\">\n\t\t\t\t\t<\/div>\n\t\t\t\t<\/div>\n\t\t\t\t<\/div>\n\t\t<div class=\"elementor-element elementor-element-4bc387c7 e-con-full e-flex e-con e-child\" data-id=\"4bc387c7\" data-element_type=\"container\" data-e-type=\"container\" data-settings=\"{&quot;background_background&quot;:&quot;classic&quot;,&quot;background_motion_fx_motion_fx_scrolling&quot;:&quot;yes&quot;,&quot;background_motion_fx_scale_effect&quot;:&quot;yes&quot;,&quot;background_motion_fx_scale_range&quot;:{&quot;unit&quot;:&quot;%&quot;,&quot;size&quot;:&quot;&quot;,&quot;sizes&quot;:{&quot;start&quot;:50,&quot;end&quot;:100}},&quot;background_motion_fx_scale_direction&quot;:&quot;out-in&quot;,&quot;background_motion_fx_scale_speed&quot;:{&quot;unit&quot;:&quot;px&quot;,&quot;size&quot;:4,&quot;sizes&quot;:[]},&quot;background_motion_fx_devices&quot;:[&quot;desktop&quot;,&quot;tablet&quot;,&quot;mobile&quot;]}\">\n\t\t\t\t<\/div>\n\t\t\t\t<\/div>\n\t\t<div class=\"elementor-element elementor-element-687de178 e-con-full e-flex e-con e-parent\" data-id=\"687de178\" data-element_type=\"container\" data-e-type=\"container\" data-settings=\"{&quot;background_background&quot;:&quot;gradient&quot;}\">\n\t\t<div class=\"elementor-element elementor-element-46478da0 e-con-full e-flex e-con e-child\" data-id=\"46478da0\" data-element_type=\"container\" data-e-type=\"container\">\n\t\t\t\t<div class=\"elementor-element elementor-element-6181c9d3 elementor-widget-tablet__width-inherit elementor-cta--skin-classic elementor-animated-content elementor-bg-transform elementor-bg-transform-zoom-in elementor-widget elementor-widget-call-to-action\" data-id=\"6181c9d3\" data-element_type=\"widget\" data-e-type=\"widget\" data-widget_type=\"call-to-action.default\">\n\t\t\t\t<div class=\"elementor-widget-container\">\n\t\t\t\t\t\t\t<div class=\"elementor-cta\">\n\t\t\t\t\t<div class=\"elementor-cta__bg-wrapper\">\n\t\t\t\t<div class=\"elementor-cta__bg elementor-bg\" style=\"background-image: url(https:\/\/adesgroup.net\/wp-content\/uploads\/2023\/11\/carke-1.png);\" role=\"img\" aria-label=\"carke.png\"><\/div>\n\t\t\t\t<div class=\"elementor-cta__bg-overlay\"><\/div>\n\t\t\t<\/div>\n\t\t\t\t\t\t\t\t<\/div>\n\t\t\t\t\t\t<\/div>\n\t\t\t\t<\/div>\n\t\t\t\t<div class=\"elementor-element elementor-element-3a40a0c8 elementor-widget__width-initial elementor-absolute elementor-widget elementor-widget-spacer\" data-id=\"3a40a0c8\" data-element_type=\"widget\" data-e-type=\"widget\" data-settings=\"{&quot;_position&quot;:&quot;absolute&quot;}\" data-widget_type=\"spacer.default\">\n\t\t\t\t<div class=\"elementor-widget-container\">\n\t\t\t\t\t\t\t<div class=\"elementor-spacer\">\n\t\t\t<div class=\"elementor-spacer-inner\"><\/div>\n\t\t<\/div>\n\t\t\t\t\t\t<\/div>\n\t\t\t\t<\/div>\n\t\t\t\t<\/div>\n\t\t<div class=\"elementor-element elementor-element-c23eebc e-con-full e-flex e-con e-child\" data-id=\"c23eebc\" data-element_type=\"container\" data-e-type=\"container\">\n\t\t\t\t<div class=\"elementor-element elementor-element-215a0dfe elementor-widget-divider--view-line elementor-widget elementor-widget-divider\" data-id=\"215a0dfe\" data-element_type=\"widget\" data-e-type=\"widget\" data-widget_type=\"divider.default\">\n\t\t\t\t<div class=\"elementor-widget-container\">\n\t\t\t\t\t\t\t<div class=\"elementor-divider\">\n\t\t\t<span class=\"elementor-divider-separator\">\n\t\t\t\t\t\t<\/span>\n\t\t<\/div>\n\t\t\t\t\t\t<\/div>\n\t\t\t\t<\/div>\n\t\t\t\t<div class=\"elementor-element elementor-element-3154df91 elementor-widget elementor-widget-heading\" data-id=\"3154df91\" data-element_type=\"widget\" data-e-type=\"widget\" data-widget_type=\"heading.default\">\n\t\t\t\t<div class=\"elementor-widget-container\">\n\t\t\t\t\t<h2 class=\"elementor-heading-title elementor-size-default\"><b>geni\u015f<\/b><br>ara\u00e7 yelpazesi<\/h2>\t\t\t\t<\/div>\n\t\t\t\t<\/div>\n\t\t\t\t<div class=\"elementor-element elementor-element-3512bd52 elementor-widget elementor-widget-text-editor\" data-id=\"3512bd52\" data-element_type=\"widget\" data-e-type=\"widget\" data-widget_type=\"text-editor.default\">\n\t\t\t\t<div class=\"elementor-widget-container\">\n\t\t\t\t\t\t\t\t\t<p><span style=\"color: #0f0f0f; font-family: S\u00f6hne, ui-sans-serif, system-ui, -apple-system, 'Segoe UI', Roboto, Ubuntu, Cantarell, 'Noto Sans', sans-serif, 'Helvetica Neue', Arial, 'Apple Color Emoji', 'Segoe UI Emoji', 'Segoe UI Symbol', 'Noto Color Emoji'; font-size: 16px; white-space-collapse: preserve;\">Ara\u00e7 ihtiyac\u0131n\u0131za uygun geni\u015f bir ara\u00e7 yelpazesi sunuyoruz. K\u00fc\u00e7\u00fck ve ekonomik ara\u00e7lardan, l\u00fcks ve konforlu otomobillere kadar farkl\u0131 ihtiya\u00e7lar\u0131n\u0131za uygun se\u00e7eneklerimiz bulunmakta. Aile gezilerinden i\u015f seyahatlerine kadar her t\u00fcrl\u00fc ihtiyaca uygun ara\u00e7lar\u0131m\u0131z mevcut.<\/span><\/p>\t\t\t\t\t\t\t\t<\/div>\n\t\t\t\t<\/div>\n\t\t<div class=\"elementor-element elementor-element-1cdd611f e-con-full e-flex e-con e-child\" data-id=\"1cdd611f\" data-element_type=\"container\" data-e-type=\"container\">\n\t\t\t\t<div class=\"elementor-element elementor-element-9b161be elementor-widget__width-initial elementor-widget-mobile__width-inherit elementor-icon-list--layout-traditional elementor-list-item-link-full_width elementor-invisible elementor-widget elementor-widget-icon-list\" data-id=\"9b161be\" data-element_type=\"widget\" data-e-type=\"widget\" data-settings=\"{&quot;_animation&quot;:&quot;fadeIn&quot;}\" data-widget_type=\"icon-list.default\">\n\t\t\t\t<div class=\"elementor-widget-container\">\n\t\t\t\t\t\t\t<ul class=\"elementor-icon-list-items\">\n\t\t\t\t\t\t\t<li class=\"elementor-icon-list-item\">\n\t\t\t\t\t\t\t\t\t\t\t<span class=\"elementor-icon-list-icon\">\n\t\t\t\t\t\t\t<svg xmlns=\"http:\/\/www.w3.org\/2000\/svg\" id=\"fa0b17c7-412d-4376-bb37-94dca2d30d12\" data-name=\"Layer 1\" width=\"32\" height=\"32\" viewBox=\"0 0 32 32\"><circle cx=\"16\" cy=\"16\" r=\"16\" style=\"isolation:isolate\"><\/circle><path d=\"M10.877,16.4545,15.21,21,23.877,11\" transform=\"translate(-0.877)\" style=\"fill:none;stroke:#0d3276\"><\/path><\/svg>\t\t\t\t\t\t<\/span>\n\t\t\t\t\t\t\t\t\t\t<span class=\"elementor-icon-list-text\">kesintisiz hizmet<\/span>\n\t\t\t\t\t\t\t\t\t<\/li>\n\t\t\t\t\t\t\t\t<li class=\"elementor-icon-list-item\">\n\t\t\t\t\t\t\t\t\t\t\t<span class=\"elementor-icon-list-icon\">\n\t\t\t\t\t\t\t<svg xmlns=\"http:\/\/www.w3.org\/2000\/svg\" id=\"fa0b17c7-412d-4376-bb37-94dca2d30d12\" data-name=\"Layer 1\" width=\"32\" height=\"32\" viewBox=\"0 0 32 32\"><circle cx=\"16\" cy=\"16\" r=\"16\" style=\"isolation:isolate\"><\/circle><path d=\"M10.877,16.4545,15.21,21,23.877,11\" transform=\"translate(-0.877)\" style=\"fill:none;stroke:#0d3276\"><\/path><\/svg>\t\t\t\t\t\t<\/span>\n\t\t\t\t\t\t\t\t\t\t<span class=\"elementor-icon-list-text\">sigorta + kasko<\/span>\n\t\t\t\t\t\t\t\t\t<\/li>\n\t\t\t\t\t\t\t\t<li class=\"elementor-icon-list-item\">\n\t\t\t\t\t\t\t\t\t\t\t<span class=\"elementor-icon-list-icon\">\n\t\t\t\t\t\t\t<svg xmlns=\"http:\/\/www.w3.org\/2000\/svg\" id=\"fa0b17c7-412d-4376-bb37-94dca2d30d12\" data-name=\"Layer 1\" width=\"32\" height=\"32\" viewBox=\"0 0 32 32\"><circle cx=\"16\" cy=\"16\" r=\"16\" style=\"isolation:isolate\"><\/circle><path d=\"M10.877,16.4545,15.21,21,23.877,11\" transform=\"translate(-0.877)\" style=\"fill:none;stroke:#0d3276\"><\/path><\/svg>\t\t\t\t\t\t<\/span>\n\t\t\t\t\t\t\t\t\t\t<span class=\"elementor-icon-list-text\">uygun fiyatlar<\/span>\n\t\t\t\t\t\t\t\t\t<\/li>\n\t\t\t\t\t\t<\/ul>\n\t\t\t\t\t\t<\/div>\n\t\t\t\t<\/div>\n\t\t\t\t<div class=\"elementor-element elementor-element-483ffd53 elementor-widget__width-initial elementor-widget-mobile__width-inherit elementor-icon-list--layout-traditional elementor-list-item-link-full_width elementor-invisible elementor-widget elementor-widget-icon-list\" data-id=\"483ffd53\" data-element_type=\"widget\" data-e-type=\"widget\" data-settings=\"{&quot;_animation&quot;:&quot;fadeIn&quot;}\" data-widget_type=\"icon-list.default\">\n\t\t\t\t<div class=\"elementor-widget-container\">\n\t\t\t\t\t\t\t<ul class=\"elementor-icon-list-items\">\n\t\t\t\t\t\t\t<li class=\"elementor-icon-list-item\">\n\t\t\t\t\t\t\t\t\t\t\t<span class=\"elementor-icon-list-icon\">\n\t\t\t\t\t\t\t<svg xmlns=\"http:\/\/www.w3.org\/2000\/svg\" id=\"fa0b17c7-412d-4376-bb37-94dca2d30d12\" data-name=\"Layer 1\" width=\"32\" height=\"32\" viewBox=\"0 0 32 32\"><circle cx=\"16\" cy=\"16\" r=\"16\" style=\"isolation:isolate\"><\/circle><path d=\"M10.877,16.4545,15.21,21,23.877,11\" transform=\"translate(-0.877)\" style=\"fill:none;stroke:#0d3276\"><\/path><\/svg>\t\t\t\t\t\t<\/span>\n\t\t\t\t\t\t\t\t\t\t<span class=\"elementor-icon-list-text\">yol yard\u0131m<\/span>\n\t\t\t\t\t\t\t\t\t<\/li>\n\t\t\t\t\t\t\t\t<li class=\"elementor-icon-list-item\">\n\t\t\t\t\t\t\t\t\t\t\t<span class=\"elementor-icon-list-icon\">\n\t\t\t\t\t\t\t<svg xmlns=\"http:\/\/www.w3.org\/2000\/svg\" id=\"fa0b17c7-412d-4376-bb37-94dca2d30d12\" data-name=\"Layer 1\" width=\"32\" height=\"32\" viewBox=\"0 0 32 32\"><circle cx=\"16\" cy=\"16\" r=\"16\" style=\"isolation:isolate\"><\/circle><path d=\"M10.877,16.4545,15.21,21,23.877,11\" transform=\"translate(-0.877)\" style=\"fill:none;stroke:#0d3276\"><\/path><\/svg>\t\t\t\t\t\t<\/span>\n\t\t\t\t\t\t\t\t\t\t<span class=\"elementor-icon-list-text\">uber yapabilme imkan\u0131<\/span>\n\t\t\t\t\t\t\t\t\t<\/li>\n\t\t\t\t\t\t\t\t<li class=\"elementor-icon-list-item\">\n\t\t\t\t\t\t\t\t\t\t\t<span class=\"elementor-icon-list-icon\">\n\t\t\t\t\t\t\t<svg xmlns=\"http:\/\/www.w3.org\/2000\/svg\" id=\"fa0b17c7-412d-4376-bb37-94dca2d30d12\" data-name=\"Layer 1\" width=\"32\" height=\"32\" viewBox=\"0 0 32 32\"><circle cx=\"16\" cy=\"16\" r=\"16\" style=\"isolation:isolate\"><\/circle><path d=\"M10.877,16.4545,15.21,21,23.877,11\" transform=\"translate(-0.877)\" style=\"fill:none;stroke:#0d3276\"><\/path><\/svg>\t\t\t\t\t\t<\/span>\n\t\t\t\t\t\t\t\t\t\t<span class=\"elementor-icon-list-text\">uber partner \u015firketimizde \u00e7al\u0131\u015fma imkan\u0131<\/span>\n\t\t\t\t\t\t\t\t\t<\/li>\n\t\t\t\t\t\t<\/ul>\n\t\t\t\t\t\t<\/div>\n\t\t\t\t<\/div>\n\t\t\t\t<\/div>\n\t\t\t\t<\/div>\n\t\t\t\t<\/div>\n\t\t<div class=\"elementor-element elementor-element-1500109 e-flex e-con-boxed e-con e-parent\" data-id=\"1500109\" data-element_type=\"container\" data-e-type=\"container\">\n\t\t\t\t\t<div class=\"e-con-inner\">\n\t\t\t\t<div class=\"elementor-element elementor-element-1bd11a47 elementor-widget elementor-widget-heading\" data-id=\"1bd11a47\" data-element_type=\"widget\" data-e-type=\"widget\" data-widget_type=\"heading.default\">\n\t\t\t\t<div class=\"elementor-widget-container\">\n\t\t\t\t\t<h2 class=\"elementor-heading-title elementor-size-default\">Nas\u0131l hizmet<b> sunuyorsunuz ?<\/b><\/h2>\t\t\t\t<\/div>\n\t\t\t\t<\/div>\n\t\t\t\t\t<\/div>\n\t\t\t\t<\/div>\n\t\t<div class=\"elementor-element elementor-element-2fa43515 e-con-full e-flex e-con e-parent\" data-id=\"2fa43515\" data-element_type=\"container\" data-e-type=\"container\">\n\t\t<div class=\"elementor-element elementor-element-7337251e e-con-full e-flex e-con e-child\" data-id=\"7337251e\" data-element_type=\"container\" data-e-type=\"container\">\n\t\t<div class=\"elementor-element elementor-element-2c5a1ca1 e-con-full e-flex e-con e-child\" data-id=\"2c5a1ca1\" data-element_type=\"container\" data-e-type=\"container\">\n\t\t\t\t<div class=\"elementor-element elementor-element-15f181a3 elementor-widget__width-auto elementor-widget elementor-widget-heading\" data-id=\"15f181a3\" data-element_type=\"widget\" data-e-type=\"widget\" data-widget_type=\"heading.default\">\n\t\t\t\t<div class=\"elementor-widget-container\">\n\t\t\t\t\t<span class=\"elementor-heading-title elementor-size-default\">1<\/span>\t\t\t\t<\/div>\n\t\t\t\t<\/div>\n\t\t\t\t<div class=\"elementor-element elementor-element-4cea4e04 elementor-widget elementor-widget-image-box\" data-id=\"4cea4e04\" data-element_type=\"widget\" data-e-type=\"widget\" data-widget_type=\"image-box.default\">\n\t\t\t\t<div class=\"elementor-widget-container\">\n\t\t\t\t\t<div class=\"elementor-image-box-wrapper\"><div class=\"elementor-image-box-content\"><h4 class=\"elementor-image-box-title\">Kolay ve G\u00fcvenli Rezervasyon Sistemi<\/h4><p class=\"elementor-image-box-description\">Size uygun arac\u0131 bulmak i\u00e7in web sitemizdeki kolay rezervasyon sistemiyle i\u015flem yapabilirsiniz. Basit ad\u0131mlar\u0131 takip ederek, istedi\u011finiz tarihlerde ve lokasyonda arac\u0131n\u0131z\u0131 h\u0131zl\u0131ca kiralayabilirsiniz. Ayr\u0131ca, g\u00fcvenli \u00f6deme se\u00e7enekleriyle rezervasyonunuzu tamamlayabilirsiniz.<\/p><\/div><\/div>\t\t\t\t<\/div>\n\t\t\t\t<\/div>\n\t\t<div class=\"elementor-element elementor-element-67892800 e-con-full e-flex e-con e-child\" data-id=\"67892800\" data-element_type=\"container\" data-e-type=\"container\">\n\t\t\t\t<\/div>\n\t\t\t\t<\/div>\n\t\t<div class=\"elementor-element elementor-element-febcbaa e-con-full e-flex e-con e-child\" data-id=\"febcbaa\" data-element_type=\"container\" data-e-type=\"container\">\n\t\t\t\t<div class=\"elementor-element elementor-element-3a78541e elementor-widget__width-auto elementor-widget elementor-widget-heading\" data-id=\"3a78541e\" data-element_type=\"widget\" data-e-type=\"widget\" data-widget_type=\"heading.default\">\n\t\t\t\t<div class=\"elementor-widget-container\">\n\t\t\t\t\t<span class=\"elementor-heading-title elementor-size-default\">2<\/span>\t\t\t\t<\/div>\n\t\t\t\t<\/div>\n\t\t\t\t<div class=\"elementor-element elementor-element-5fc54263 elementor-widget elementor-widget-image-box\" data-id=\"5fc54263\" data-element_type=\"widget\" data-e-type=\"widget\" data-widget_type=\"image-box.default\">\n\t\t\t\t<div class=\"elementor-widget-container\">\n\t\t\t\t\t<div class=\"elementor-image-box-wrapper\"><div class=\"elementor-image-box-content\"><h4 class=\"elementor-image-box-title\">M\u00fc\u015fteri Memnuniyeti Odakl\u0131 Hizmet<\/h4><p class=\"elementor-image-box-description\">M\u00fc\u015fteri memnuniyeti bizim i\u00e7in \u00f6n plandad\u0131r. Profesyonel ve yard\u0131msever ekibimiz, size en iyi hizmeti sunmak i\u00e7in burada. Yolculu\u011funuz boyunca her t\u00fcrl\u00fc yard\u0131m ve destek i\u00e7in 7\/24 m\u00fc\u015fteri hizmetlerimizle ileti\u015fime ge\u00e7ebilirsiniz.<\/p><\/div><\/div>\t\t\t\t<\/div>\n\t\t\t\t<\/div>\n\t\t\t\t<\/div>\n\t\t\t\t<\/div>\n\t\t<div class=\"elementor-element elementor-element-3db3460f e-con-full e-flex e-con e-child\" data-id=\"3db3460f\" data-element_type=\"container\" data-e-type=\"container\" data-settings=\"{&quot;background_background&quot;:&quot;classic&quot;,&quot;motion_fx_motion_fx_mouse&quot;:&quot;yes&quot;,&quot;motion_fx_tilt_effect&quot;:&quot;yes&quot;,&quot;motion_fx_tilt_speed&quot;:{&quot;unit&quot;:&quot;px&quot;,&quot;size&quot;:1,&quot;sizes&quot;:[]}}\">\n\t\t\t\t<\/div>\n\t\t<div class=\"elementor-element elementor-element-52d5d337 e-con-full e-flex e-con e-child\" data-id=\"52d5d337\" data-element_type=\"container\" data-e-type=\"container\">\n\t\t<div class=\"elementor-element elementor-element-5d19e674 e-con-full e-flex e-con e-child\" data-id=\"5d19e674\" data-element_type=\"container\" data-e-type=\"container\">\n\t\t\t\t<div class=\"elementor-element elementor-element-61fba27f elementor-widget__width-auto elementor-widget elementor-widget-heading\" data-id=\"61fba27f\" data-element_type=\"widget\" data-e-type=\"widget\" data-widget_type=\"heading.default\">\n\t\t\t\t<div class=\"elementor-widget-container\">\n\t\t\t\t\t<span class=\"elementor-heading-title elementor-size-default\">3<\/span>\t\t\t\t<\/div>\n\t\t\t\t<\/div>\n\t\t\t\t<div class=\"elementor-element elementor-element-6e0c5fec elementor-widget elementor-widget-image-box\" data-id=\"6e0c5fec\" data-element_type=\"widget\" data-e-type=\"widget\" data-widget_type=\"image-box.default\">\n\t\t\t\t<div class=\"elementor-widget-container\">\n\t\t\t\t\t<div class=\"elementor-image-box-wrapper\"><div class=\"elementor-image-box-content\"><h4 class=\"elementor-image-box-title\">Uygun Fiyatlar ve Esneklik<\/h4><p class=\"elementor-image-box-description\">Uygun fiyatlar\u0131m\u0131z ve esnek kiralama se\u00e7eneklerimizle b\u00fct\u00e7enize uygun \u00e7\u00f6z\u00fcmler sunuyoruz. Uzun d\u00f6nem kiralamalardan g\u00fcnl\u00fck kiralama se\u00e7eneklerine kadar esneklik sunarak ihtiya\u00e7lar\u0131n\u0131za en uygun fiyatlar\u0131 sunuyoruz.<\/p><\/div><\/div>\t\t\t\t<\/div>\n\t\t\t\t<\/div>\n\t\t\t\t<\/div>\n\t\t<div class=\"elementor-element elementor-element-49441cc1 e-con-full e-flex e-con e-child\" data-id=\"49441cc1\" data-element_type=\"container\" data-e-type=\"container\">\n\t\t\t\t<div class=\"elementor-element elementor-element-f592fc8 elementor-widget__width-auto elementor-widget elementor-widget-heading\" data-id=\"f592fc8\" data-element_type=\"widget\" data-e-type=\"widget\" data-widget_type=\"heading.default\">\n\t\t\t\t<div class=\"elementor-widget-container\">\n\t\t\t\t\t<span class=\"elementor-heading-title elementor-size-default\">4<\/span>\t\t\t\t<\/div>\n\t\t\t\t<\/div>\n\t\t\t\t<div class=\"elementor-element elementor-element-1e03d65f elementor-widget elementor-widget-image-box\" data-id=\"1e03d65f\" data-element_type=\"widget\" data-e-type=\"widget\" data-widget_type=\"image-box.default\">\n\t\t\t\t<div class=\"elementor-widget-container\">\n\t\t\t\t\t<div class=\"elementor-image-box-wrapper\"><div class=\"elementor-image-box-content\"><h4 class=\"elementor-image-box-title\">neden biz?<\/h4><p class=\"elementor-image-box-description\">G\u00fcvenilirlik ,\nKonfor ve Kalite ,\nM\u00fc\u015fteri Odakl\u0131l\u0131k<\/p><\/div><\/div>\t\t\t\t<\/div>\n\t\t\t\t<\/div>\n\t\t\t\t<\/div>\n\t\t\t\t<\/div>\n\t\t\t\t<\/div>\n\t\t\t\t<\/div>\n\t\t","protected":false},"excerpt":{"rendered":"<p>h\u0131zl\u0131 ve kolay, ara\u00e7 kirala Tatile mi \u00e7\u0131k\u0131yorsunuz ya da i\u015f seyahati mi planl\u0131yorsunuz? Rent a Car hizmetimizle size en uygun arac\u0131 bulman\u0131za yard\u0131mc\u0131 oluyoruz. Siz nereye giderseniz gidin, bizimle yolculu\u011funuz keyifli ve konforlu olacak! Uber Partner \u015firketimizle birlikte uber de yapman\u0131z m\u00fcmk\u00fcn ! whatsapp hatt\u0131 geni\u015fara\u00e7 yelpazesi Ara\u00e7 ihtiyac\u0131n\u0131za uygun geni\u015f bir ara\u00e7 yelpazesi [&hellip;]<\/p>\n","protected":false},"author":1,"featured_media":0,"parent":0,"menu_order":0,"comment_status":"closed","ping_status":"closed","template":"","meta":{"footnotes":""},"class_list":["post-2404","page","type-page","status-publish","hentry"],"_links":{"self":[{"href":"https:\/\/adesgroup.net\/uk\/wp-json\/wp\/v2\/pages\/2404","targetHints":{"allow":["GET"]}}],"collection":[{"href":"https:\/\/adesgroup.net\/uk\/wp-json\/wp\/v2\/pages"}],"about":[{"href":"https:\/\/adesgroup.net\/uk\/wp-json\/wp\/v2\/types\/page"}],"author":[{"embeddable":true,"href":"https:\/\/adesgroup.net\/uk\/wp-json\/wp\/v2\/users\/1"}],"replies":[{"embeddable":true,"href":"https:\/\/adesgroup.net\/uk\/wp-json\/wp\/v2\/comments?post=2404"}],"version-history":[{"count":4,"href":"https:\/\/adesgroup.net\/uk\/wp-json\/wp\/v2\/pages\/2404\/revisions"}],"predecessor-version":[{"id":2452,"href":"https:\/\/adesgroup.net\/uk\/wp-json\/wp\/v2\/pages\/2404\/revisions\/2452"}],"wp:attachment":[{"href":"https:\/\/adesgroup.net\/uk\/wp-json\/wp\/v2\/media?parent=2404"}],"curies":[{"name":"wp","href":"https:\/\/api.w.org\/{rel}","templated":true}]}}